{"id":735,"date":"2022-08-18T14:33:28","date_gmt":"2022-08-18T14:33:28","guid":{"rendered":"https:\/\/huzuryildizidanismanlik.com\/?page_id=735"},"modified":"2022-08-18T14:34:05","modified_gmt":"2022-08-18T14:34:05","slug":"ahmet-yildiz-kimdir","status":"publish","type":"page","link":"https:\/\/huzuryildizidanismanlik.com\/?page_id=735","title":{"rendered":"Ahmet Y\u0131ld\u0131z kimdir?"},"content":{"rendered":"\t\t<div data-elementor-type=\"wp-post\" data-elementor-id=\"735\" class=\"elementor elementor-735\">\n\t\t\t\t\t\t<section class=\"elementor-section elementor-top-section elementor-element elementor-element-d7d8b56 elementor-section-boxed elementor-section-height-default elementor-section-height-default\" data-id=\"d7d8b56\" data-element_type=\"section\" data-settings=\"{&quot;background_background&quot;:&quot;classic&quot;}\">\n\t\t\t\t\t\t\t<div class=\"elementor-background-overlay\"><\/div>\n\t\t\t\t\t\t\t<div class=\"elementor-container elementor-column-gap-default\">\n\t\t\t\t\t<div class=\"elementor-column elementor-col-100 elementor-top-column elementor-element elementor-element-fd69444\" data-id=\"fd69444\" data-element_type=\"column\">\n\t\t\t<div class=\"elementor-widget-wrap elementor-element-populated\">\n\t\t\t\t\t\t<div class=\"elementor-element elementor-element-abcc2f2 elementor-widget elementor-widget-heading\" data-id=\"abcc2f2\" data-element_type=\"widget\" data-widget_type=\"heading.default\">\n\t\t\t\t<div class=\"elementor-widget-container\">\n\t\t\t\t\t<h1 class=\"elementor-heading-title elementor-size-default\">Hakk\u0131m\u0131zda<\/h1>\t\t\t\t<\/div>\n\t\t\t\t<\/div>\n\t\t\t\t\t<\/div>\n\t\t<\/div>\n\t\t\t\t\t<\/div>\n\t\t<\/section>\n\t\t\t\t<section class=\"elementor-section elementor-top-section elementor-element elementor-element-5c40d7b elementor-section-boxed elementor-section-height-default elementor-section-height-default\" data-id=\"5c40d7b\" data-element_type=\"section\">\n\t\t\t\t\t\t<div class=\"elementor-container elementor-column-gap-default\">\n\t\t\t\t\t<div class=\"elementor-column elementor-col-50 elementor-top-column elementor-element elementor-element-2ebbf9c\" data-id=\"2ebbf9c\" data-element_type=\"column\">\n\t\t\t<div class=\"elementor-widget-wrap elementor-element-populated\">\n\t\t\t\t\t\t<div class=\"elementor-element elementor-element-fe195c7 elementor-widget elementor-widget-heading\" data-id=\"fe195c7\" data-element_type=\"widget\" data-widget_type=\"heading.default\">\n\t\t\t\t<div class=\"elementor-widget-container\">\n\t\t\t\t\t<h2 class=\"elementor-heading-title elementor-size-default\">Ahmet Y\u0131ld\u0131z Kimdir?<\/h2>\t\t\t\t<\/div>\n\t\t\t\t<\/div>\n\t\t\t\t<div class=\"elementor-element elementor-element-dc051dd elementor-widget-divider--view-line elementor-widget elementor-widget-divider\" data-id=\"dc051dd\" data-element_type=\"widget\" data-widget_type=\"divider.default\">\n\t\t\t\t<div class=\"elementor-widget-container\">\n\t\t\t\t\t\t\t<div class=\"elementor-divider\">\n\t\t\t<span class=\"elementor-divider-separator\">\n\t\t\t\t\t\t<\/span>\n\t\t<\/div>\n\t\t\t\t\t\t<\/div>\n\t\t\t\t<\/div>\n\t\t\t\t<div class=\"elementor-element elementor-element-e5f497e elementor-widget elementor-widget-text-editor\" data-id=\"e5f497e\" data-element_type=\"widget\" data-widget_type=\"text-editor.default\">\n\t\t\t\t<div class=\"elementor-widget-container\">\n\t\t\t\t\t\t\t\t\t<p><a href=\"https:\/\/huzuryildizibinayonetimi.com\/\"><em><strong>Ahmet YILDIZ<\/strong><\/em><\/a>\u00a01976 y\u0131l\u0131nda as\u0131l mesle\u011fi olan muhasebecili\u011fe ad\u0131m atm\u0131\u015f ve 1984 \u2013 2008 y\u0131llar\u0131<br \/>aras\u0131nda kendi ad\u0131na Muhasebe ile ayr\u0131ca\u00a0 M\u00fc\u015favirlik ofisi i\u015fletmi\u015ftir. Kendisi bu s\u00fcre i\u00e7erisinde<br \/>14 ki\u015fiyi Mali M\u00fc\u015favirlik mesle\u011fine kazand\u0131rm\u0131\u015ft\u0131r. Meslekteki yakla\u015f\u0131k 40 y\u0131ll\u0131k Bilgi<br \/>birikimi ve tecr\u00fcbelerinin yan\u0131 s\u0131ra;<br \/>KOSGEB, BAKA, AB Fonlar\u0131, TKDK \u2013 IPARD Hibe Projeleri uzmanl\u0131\u011f\u0131, Yat\u0131r\u0131m Te\u015fvik<br \/>Turizm \u0130\u015fletme Belgesi al\u0131nmas\u0131 ve di\u011fer belgelendirme i\u015flemleri.<br \/>Yabanc\u0131lar \u00c7al\u0131\u015fma ve \u0130kamet \u0130\u015flemleri, Yabanc\u0131 Ortakl\u0131 ya da Yabanc\u0131 \u00fclke<br \/>vatanda\u015flar\u0131n\u0131n kendi ad\u0131na \u00fclkemize Yat\u0131r\u0131m yapan Yabanc\u0131 yat\u0131r\u0131mc\u0131lara vergi ve<br \/>y\u00fcr\u00fcrl\u00fckteki ilgili kanunlara g\u00f6re ve bu alanda 33 y\u0131ll\u0131k tecr\u00fcbeleri ile Yabanc\u0131 \u00fclke<br \/>vatanda\u015flar\u0131na Dan\u0131\u015fmanl\u0131k yapmak. Ayr\u0131ca;<br \/>Muhasebe Sistem Dan\u0131\u015fmanl\u0131\u011f\u0131, Kurumsal Kimlik gibi alanlardaki \u00e7al\u0131\u015fmalar\u0131<br \/>s\u00fcrd\u00fcrmektedir.<br \/>Genel de \u00c7\u00f6z\u00fcm odakl\u0131 analitik d\u00fc\u015f\u00fcncede olmas\u0131 nedeni ile Yasalar\u0131n olmaz\u0131n\u0131 Yasal<br \/>\u00e7er\u00e7eve de i\u015flerlik kazand\u0131rmas\u0131 ve KANUNLARI tamamen \u0130NSAN ODAKLI \u00e7al\u0131\u015fmas\u0131n\u0131<br \/>sa\u011flamas\u0131 ile ba\u015far\u0131lar elde etmi\u015ftir.<br \/>Yine kendisi, 1991 y\u0131l\u0131nda Genel Merkezi Almanya da bulunan T\u00fcrk Alman Dostluk<br \/>Federasyonunun ( K\u0131sa ad\u0131 H\u00fcr-T\u00fcrk ANTALYA \u015eUBES\u0130\u2019 nin a\u00e7\u0131lmas\u0131n\u0131) T\u00fcrkiye ye getiren<br \/>ve T.C.Bakanlar Kurulunca 1994 y\u0131l\u0131nda onaylanmas\u0131ndan sonra 1996 y\u0131l\u0131ndan itibaren<br \/>bug\u00fcne kadar \u015eube ba\u015fkanl\u0131\u011f\u0131n\u0131 ( halen) s\u00fcrd\u00fcrmektedir.<br \/>Kendisi Antalya do\u011fumlu evli ve 2 \u00e7ocuk babas\u0131d\u0131r.<br \/>Kendisinin en \u00f6nemli s\u00f6z\u00fc ; \u2018\u2019 Kolay\u0131 herkes, zoru\u00a0<strong>Ahmet YILDIZ<\/strong>\u00a0ba\u015far\u0131r \u2018\u2019.<\/p>\t\t\t\t\t\t\t\t<\/div>\n\t\t\t\t<\/div>\n\t\t\t\t\t<\/div>\n\t\t<\/div>\n\t\t\t\t<div class=\"elementor-column elementor-col-50 elementor-top-column elementor-element elementor-element-e5fdae0\" data-id=\"e5fdae0\" data-element_type=\"column\">\n\t\t\t<div class=\"elementor-widget-wrap elementor-element-populated\">\n\t\t\t\t\t\t<div class=\"elementor-element elementor-element-96b5b53 elementor-widget elementor-widget-image\" data-id=\"96b5b53\" data-element_type=\"widget\" data-widget_type=\"image.default\">\n\t\t\t\t<div class=\"elementor-widget-container\">\n\t\t\t\t\t\t\t\t\t\t\t\t\t\t\t<img fetchpriority=\"high\" decoding=\"async\" width=\"504\" height=\"631\" src=\"https:\/\/huzuryildizidanismanlik.com\/wp-content\/uploads\/2022\/08\/9bfd51e5-2b84-4642-9015-c755eef534d8.webp\" class=\"attachment-full size-full wp-image-737\" alt=\"\" srcset=\"https:\/\/huzuryildizidanismanlik.com\/wp-content\/uploads\/2022\/08\/9bfd51e5-2b84-4642-9015-c755eef534d8.webp 504w, https:\/\/huzuryildizidanismanlik.com\/wp-content\/uploads\/2022\/08\/9bfd51e5-2b84-4642-9015-c755eef534d8-240x300.webp 240w\" sizes=\"(max-width: 504px) 100vw, 504px\" \/>\t\t\t\t\t\t\t\t\t\t\t\t\t\t\t<\/div>\n\t\t\t\t<\/div>\n\t\t\t\t\t<\/div>\n\t\t<\/div>\n\t\t\t\t\t<\/div>\n\t\t<\/section>\n\t\t\t\t<\/div>\n\t\t","protected":false},"excerpt":{"rendered":"<p>Hakk\u0131m\u0131zda Ahmet Y\u0131ld\u0131z Kimdir? Ahmet YILDIZ\u00a01976 y\u0131l\u0131nda as\u0131l mesle\u011fi olan muhasebecili\u011fe ad\u0131m atm\u0131\u015f ve 1984 \u2013 2008 y\u0131llar\u0131aras\u0131nda kendi ad\u0131na Muhasebe ile ayr\u0131ca\u00a0 M\u00fc\u015favirlik ofisi i\u015fletmi\u015ftir. Kendisi bu s\u00fcre i\u00e7erisinde14 ki\u015fiyi Mali M\u00fc\u015favirlik mesle\u011fine kazand\u0131rm\u0131\u015ft\u0131r. Meslekteki yakla\u015f\u0131k 40 y\u0131ll\u0131k Bilgibirikimi ve tecr\u00fcbelerinin yan\u0131 s\u0131ra;KOSGEB, BAKA, AB Fonlar\u0131, TKDK \u2013 IPARD Hibe Projeleri uzmanl\u0131\u011f\u0131, Yat\u0131r\u0131m Te\u015fvikTurizm [&hellip;]<\/p>\n","protected":false},"author":1,"featured_media":0,"parent":0,"menu_order":0,"comment_status":"closed","ping_status":"closed","template":"","meta":{"site-sidebar-layout":"no-sidebar","site-content-layout":"page-builder","ast-site-content-layout":"","site-content-style":"default","site-sidebar-style":"default","ast-global-header-display":"","ast-banner-title-visibility":"","ast-main-header-display":"","ast-hfb-above-header-display":"","ast-hfb-below-header-display":"","ast-hfb-mobile-header-display":"","site-post-title":"disabled","ast-breadcrumbs-content":"","ast-featured-img":"disabled","footer-sml-layout":"","theme-transparent-header-meta":"enabled","adv-header-id-meta":"","stick-header-meta":"","header-above-stick-meta":"","header-main-stick-meta":"","header-below-stick-meta":"","astra-migrate-meta-layouts":"default","ast-page-background-enabled":"default","ast-page-background-meta":{"desktop":{"background-color":"","background-image":"","background-repeat":"repeat","background-position":"center center","background-size":"auto","background-attachment":"scroll","background-type":"","background-media":"","overlay-type":"","overlay-color":"","overlay-opacity":"","overlay-gradient":""},"tablet":{"background-color":"","background-image":"","background-repeat":"repeat","background-position":"center center","background-size":"auto","background-attachment":"scroll","background-type":"","background-media":"","overlay-type":"","overlay-color":"","overlay-opacity":"","overlay-gradient":""},"mobile":{"background-color":"","background-image":"","background-repeat":"repeat","background-position":"center center","background-size":"auto","background-attachment":"scroll","background-type":"","background-media":"","overlay-type":"","overlay-color":"","overlay-opacity":"","overlay-gradient":""}},"ast-content-background-meta":{"desktop":{"background-color":"var(--ast-global-color-5)","background-image":"","background-repeat":"repeat","background-position":"center center","background-size":"auto","background-attachment":"scroll","background-type":"","background-media":"","overlay-type":"","overlay-color":"","overlay-opacity":"","overlay-gradient":""},"tablet":{"background-color":"var(--ast-global-color-5)","background-image":"","background-repeat":"repeat","background-position":"center center","background-size":"auto","background-attachment":"scroll","background-type":"","background-media":"","overlay-type":"","overlay-color":"","overlay-opacity":"","overlay-gradient":""},"mobile":{"background-color":"var(--ast-global-color-5)","background-image":"","background-repeat":"repeat","background-position":"center center","background-size":"auto","background-attachment":"scroll","background-type":"","background-media":"","overlay-type":"","overlay-color":"","overlay-opacity":"","overlay-gradient":""}},"_joinchat":[],"footnotes":""},"class_list":["post-735","page","type-page","status-publish","hentry"],"yoast_head":"<!-- This site is optimized with the Yoast SEO plugin v24.6 - https:\/\/yoast.com\/wordpress\/plugins\/seo\/ -->\n<title>Ahmet Y\u0131ld\u0131z kimdir? - Huzur Y\u0131ld\u0131z\u0131 Dan\u0131\u015fmanl\u0131k<\/title>\n<meta name=\"robots\" content=\"index, follow, max-snippet:-1, max-image-preview:large, max-video-preview:-1\" \/>\n<link rel=\"canonical\" href=\"https:\/\/huzuryildizidanismanlik.com\/?page_id=735\" \/>\n<meta property=\"og:locale\" content=\"tr_TR\" \/>\n<meta property=\"og:type\" content=\"article\" \/>\n<meta property=\"og:title\" content=\"Ahmet Y\u0131ld\u0131z kimdir? - Huzur Y\u0131ld\u0131z\u0131 Dan\u0131\u015fmanl\u0131k\" \/>\n<meta property=\"og:description\" content=\"Hakk\u0131m\u0131zda Ahmet Y\u0131ld\u0131z Kimdir? Ahmet YILDIZ\u00a01976 y\u0131l\u0131nda as\u0131l mesle\u011fi olan muhasebecili\u011fe ad\u0131m atm\u0131\u015f ve 1984 \u2013 2008 y\u0131llar\u0131aras\u0131nda kendi ad\u0131na Muhasebe ile ayr\u0131ca\u00a0 M\u00fc\u015favirlik ofisi i\u015fletmi\u015ftir. Kendisi bu s\u00fcre i\u00e7erisinde14 ki\u015fiyi Mali M\u00fc\u015favirlik mesle\u011fine kazand\u0131rm\u0131\u015ft\u0131r. Meslekteki yakla\u015f\u0131k 40 y\u0131ll\u0131k Bilgibirikimi ve tecr\u00fcbelerinin yan\u0131 s\u0131ra;KOSGEB, BAKA, AB Fonlar\u0131, TKDK \u2013 IPARD Hibe Projeleri uzmanl\u0131\u011f\u0131, Yat\u0131r\u0131m Te\u015fvikTurizm [&hellip;]\" \/>\n<meta property=\"og:url\" content=\"https:\/\/huzuryildizidanismanlik.com\/?page_id=735\" \/>\n<meta property=\"og:site_name\" content=\"Huzur Y\u0131ld\u0131z\u0131 Dan\u0131\u015fmanl\u0131k\" \/>\n<meta property=\"article:modified_time\" content=\"2022-08-18T14:34:05+00:00\" \/>\n<meta property=\"og:image\" content=\"https:\/\/huzuryildizidanismanlik.com\/wp-content\/uploads\/2022\/08\/9bfd51e5-2b84-4642-9015-c755eef534d8.webp\" \/>\n<meta name=\"twitter:card\" content=\"summary_large_image\" \/>\n<meta name=\"twitter:label1\" content=\"Tahmini okuma s\u00fcresi\" \/>\n\t<meta name=\"twitter:data1\" content=\"1 dakika\" \/>\n<script type=\"application\/ld+json\" class=\"yoast-schema-graph\">{\"@context\":\"https:\/\/schema.org\",\"@graph\":[{\"@type\":\"WebPage\",\"@id\":\"https:\/\/huzuryildizidanismanlik.com\/?page_id=735\",\"url\":\"https:\/\/huzuryildizidanismanlik.com\/?page_id=735\",\"name\":\"Ahmet Y\u0131ld\u0131z kimdir? - Huzur Y\u0131ld\u0131z\u0131 Dan\u0131\u015fmanl\u0131k\",\"isPartOf\":{\"@id\":\"https:\/\/huzuryildizidanismanlik.com\/#website\"},\"primaryImageOfPage\":{\"@id\":\"https:\/\/huzuryildizidanismanlik.com\/?page_id=735#primaryimage\"},\"image\":{\"@id\":\"https:\/\/huzuryildizidanismanlik.com\/?page_id=735#primaryimage\"},\"thumbnailUrl\":\"https:\/\/huzuryildizidanismanlik.com\/wp-content\/uploads\/2022\/08\/9bfd51e5-2b84-4642-9015-c755eef534d8.webp\",\"datePublished\":\"2022-08-18T14:33:28+00:00\",\"dateModified\":\"2022-08-18T14:34:05+00:00\",\"breadcrumb\":{\"@id\":\"https:\/\/huzuryildizidanismanlik.com\/?page_id=735#breadcrumb\"},\"inLanguage\":\"tr\",\"potentialAction\":[{\"@type\":\"ReadAction\",\"target\":[\"https:\/\/huzuryildizidanismanlik.com\/?page_id=735\"]}]},{\"@type\":\"ImageObject\",\"inLanguage\":\"tr\",\"@id\":\"https:\/\/huzuryildizidanismanlik.com\/?page_id=735#primaryimage\",\"url\":\"https:\/\/huzuryildizidanismanlik.com\/wp-content\/uploads\/2022\/08\/9bfd51e5-2b84-4642-9015-c755eef534d8.webp\",\"contentUrl\":\"https:\/\/huzuryildizidanismanlik.com\/wp-content\/uploads\/2022\/08\/9bfd51e5-2b84-4642-9015-c755eef534d8.webp\",\"width\":504,\"height\":631},{\"@type\":\"BreadcrumbList\",\"@id\":\"https:\/\/huzuryildizidanismanlik.com\/?page_id=735#breadcrumb\",\"itemListElement\":[{\"@type\":\"ListItem\",\"position\":1,\"name\":\"Anasayfa\",\"item\":\"https:\/\/huzuryildizidanismanlik.com\/\"},{\"@type\":\"ListItem\",\"position\":2,\"name\":\"Ahmet Y\u0131ld\u0131z kimdir?\"}]},{\"@type\":\"WebSite\",\"@id\":\"https:\/\/huzuryildizidanismanlik.com\/#website\",\"url\":\"https:\/\/huzuryildizidanismanlik.com\/\",\"name\":\"Huzur Y\u0131ld\u0131z\u0131 Dan\u0131\u015fmanl\u0131k\",\"description\":\"Profesyonel Dan\u0131\u015fmanl\u0131k Hizmeti\",\"potentialAction\":[{\"@type\":\"SearchAction\",\"target\":{\"@type\":\"EntryPoint\",\"urlTemplate\":\"https:\/\/huzuryildizidanismanlik.com\/?s={search_term_string}\"},\"query-input\":{\"@type\":\"PropertyValueSpecification\",\"valueRequired\":true,\"valueName\":\"search_term_string\"}}],\"inLanguage\":\"tr\"}]}<\/script>\n<!-- \/ Yoast SEO plugin. -->","yoast_head_json":{"title":"Ahmet Y\u0131ld\u0131z kimdir? - Huzur Y\u0131ld\u0131z\u0131 Dan\u0131\u015fmanl\u0131k","robots":{"index":"index","follow":"follow","max-snippet":"max-snippet:-1","max-image-preview":"max-image-preview:large","max-video-preview":"max-video-preview:-1"},"canonical":"https:\/\/huzuryildizidanismanlik.com\/?page_id=735","og_locale":"tr_TR","og_type":"article","og_title":"Ahmet Y\u0131ld\u0131z kimdir? - Huzur Y\u0131ld\u0131z\u0131 Dan\u0131\u015fmanl\u0131k","og_description":"Hakk\u0131m\u0131zda Ahmet Y\u0131ld\u0131z Kimdir? Ahmet YILDIZ\u00a01976 y\u0131l\u0131nda as\u0131l mesle\u011fi olan muhasebecili\u011fe ad\u0131m atm\u0131\u015f ve 1984 \u2013 2008 y\u0131llar\u0131aras\u0131nda kendi ad\u0131na Muhasebe ile ayr\u0131ca\u00a0 M\u00fc\u015favirlik ofisi i\u015fletmi\u015ftir. Kendisi bu s\u00fcre i\u00e7erisinde14 ki\u015fiyi Mali M\u00fc\u015favirlik mesle\u011fine kazand\u0131rm\u0131\u015ft\u0131r. Meslekteki yakla\u015f\u0131k 40 y\u0131ll\u0131k Bilgibirikimi ve tecr\u00fcbelerinin yan\u0131 s\u0131ra;KOSGEB, BAKA, AB Fonlar\u0131, TKDK \u2013 IPARD Hibe Projeleri uzmanl\u0131\u011f\u0131, Yat\u0131r\u0131m Te\u015fvikTurizm [&hellip;]","og_url":"https:\/\/huzuryildizidanismanlik.com\/?page_id=735","og_site_name":"Huzur Y\u0131ld\u0131z\u0131 Dan\u0131\u015fmanl\u0131k","article_modified_time":"2022-08-18T14:34:05+00:00","og_image":[{"url":"https:\/\/huzuryildizidanismanlik.com\/wp-content\/uploads\/2022\/08\/9bfd51e5-2b84-4642-9015-c755eef534d8.webp","type":"","width":"","height":""}],"twitter_card":"summary_large_image","twitter_misc":{"Tahmini okuma s\u00fcresi":"1 dakika"},"schema":{"@context":"https:\/\/schema.org","@graph":[{"@type":"WebPage","@id":"https:\/\/huzuryildizidanismanlik.com\/?page_id=735","url":"https:\/\/huzuryildizidanismanlik.com\/?page_id=735","name":"Ahmet Y\u0131ld\u0131z kimdir? - Huzur Y\u0131ld\u0131z\u0131 Dan\u0131\u015fmanl\u0131k","isPartOf":{"@id":"https:\/\/huzuryildizidanismanlik.com\/#website"},"primaryImageOfPage":{"@id":"https:\/\/huzuryildizidanismanlik.com\/?page_id=735#primaryimage"},"image":{"@id":"https:\/\/huzuryildizidanismanlik.com\/?page_id=735#primaryimage"},"thumbnailUrl":"https:\/\/huzuryildizidanismanlik.com\/wp-content\/uploads\/2022\/08\/9bfd51e5-2b84-4642-9015-c755eef534d8.webp","datePublished":"2022-08-18T14:33:28+00:00","dateModified":"2022-08-18T14:34:05+00:00","breadcrumb":{"@id":"https:\/\/huzuryildizidanismanlik.com\/?page_id=735#breadcrumb"},"inLanguage":"tr","potentialAction":[{"@type":"ReadAction","target":["https:\/\/huzuryildizidanismanlik.com\/?page_id=735"]}]},{"@type":"ImageObject","inLanguage":"tr","@id":"https:\/\/huzuryildizidanismanlik.com\/?page_id=735#primaryimage","url":"https:\/\/huzuryildizidanismanlik.com\/wp-content\/uploads\/2022\/08\/9bfd51e5-2b84-4642-9015-c755eef534d8.webp","contentUrl":"https:\/\/huzuryildizidanismanlik.com\/wp-content\/uploads\/2022\/08\/9bfd51e5-2b84-4642-9015-c755eef534d8.webp","width":504,"height":631},{"@type":"BreadcrumbList","@id":"https:\/\/huzuryildizidanismanlik.com\/?page_id=735#breadcrumb","itemListElement":[{"@type":"ListItem","position":1,"name":"Anasayfa","item":"https:\/\/huzuryildizidanismanlik.com\/"},{"@type":"ListItem","position":2,"name":"Ahmet Y\u0131ld\u0131z kimdir?"}]},{"@type":"WebSite","@id":"https:\/\/huzuryildizidanismanlik.com\/#website","url":"https:\/\/huzuryildizidanismanlik.com\/","name":"Huzur Y\u0131ld\u0131z\u0131 Dan\u0131\u015fmanl\u0131k","description":"Profesyonel Dan\u0131\u015fmanl\u0131k Hizmeti","potentialAction":[{"@type":"SearchAction","target":{"@type":"EntryPoint","urlTemplate":"https:\/\/huzuryildizidanismanlik.com\/?s={search_term_string}"},"query-input":{"@type":"PropertyValueSpecification","valueRequired":true,"valueName":"search_term_string"}}],"inLanguage":"tr"}]}},"_links":{"self":[{"href":"https:\/\/huzuryildizidanismanlik.com\/index.php?rest_route=\/wp\/v2\/pages\/735","targetHints":{"allow":["GET"]}}],"collection":[{"href":"https:\/\/huzuryildizidanismanlik.com\/index.php?rest_route=\/wp\/v2\/pages"}],"about":[{"href":"https:\/\/huzuryildizidanismanlik.com\/index.php?rest_route=\/wp\/v2\/types\/page"}],"author":[{"embeddable":true,"href":"https:\/\/huzuryildizidanismanlik.com\/index.php?rest_route=\/wp\/v2\/users\/1"}],"replies":[{"embeddable":true,"href":"https:\/\/huzuryildizidanismanlik.com\/index.php?rest_route=%2Fwp%2Fv2%2Fcomments&post=735"}],"version-history":[{"count":4,"href":"https:\/\/huzuryildizidanismanlik.com\/index.php?rest_route=\/wp\/v2\/pages\/735\/revisions"}],"predecessor-version":[{"id":740,"href":"https:\/\/huzuryildizidanismanlik.com\/index.php?rest_route=\/wp\/v2\/pages\/735\/revisions\/740"}],"wp:attachment":[{"href":"https:\/\/huzuryildizidanismanlik.com\/index.php?rest_route=%2Fwp%2Fv2%2Fmedia&parent=735"}],"curies":[{"name":"wp","href":"https:\/\/api.w.org\/{rel}","templated":true}]}}