{"id":695,"date":"2022-08-16T09:54:04","date_gmt":"2022-08-16T09:54:04","guid":{"rendered":"https:\/\/huzuryildizidanismanlik.com\/?page_id=695"},"modified":"2022-11-14T14:14:29","modified_gmt":"2022-11-14T14:14:29","slug":"calisma-izni-2","status":"publish","type":"page","link":"https:\/\/huzuryildizidanismanlik.com\/?page_id=695","title":{"rendered":"\u00c7al\u0131\u015fma \u0130zni"},"content":{"rendered":"\t\t<div data-elementor-type=\"wp-post\" data-elementor-id=\"695\" class=\"elementor elementor-695\">\n\t\t\t\t\t\t<section class=\"elementor-section elementor-top-section elementor-element elementor-element-d7d8b56 elementor-section-boxed elementor-section-height-default elementor-section-height-default\" data-id=\"d7d8b56\" data-element_type=\"section\" data-settings=\"{&quot;background_background&quot;:&quot;classic&quot;}\">\n\t\t\t\t\t\t\t<div class=\"elementor-background-overlay\"><\/div>\n\t\t\t\t\t\t\t<div class=\"elementor-container elementor-column-gap-default\">\n\t\t\t\t\t<div class=\"elementor-column elementor-col-100 elementor-top-column elementor-element elementor-element-fd69444\" data-id=\"fd69444\" data-element_type=\"column\">\n\t\t\t<div class=\"elementor-widget-wrap elementor-element-populated\">\n\t\t\t\t\t\t<div class=\"elementor-element elementor-element-abcc2f2 elementor-widget elementor-widget-heading\" data-id=\"abcc2f2\" data-element_type=\"widget\" data-widget_type=\"heading.default\">\n\t\t\t\t<div class=\"elementor-widget-container\">\n\t\t\t\t\t<h1 class=\"elementor-heading-title elementor-size-default\">\u00c7Al\u0131\u015fma izni<\/h1>\t\t\t\t<\/div>\n\t\t\t\t<\/div>\n\t\t\t\t\t<\/div>\n\t\t<\/div>\n\t\t\t\t\t<\/div>\n\t\t<\/section>\n\t\t\t\t<section class=\"elementor-section elementor-top-section elementor-element elementor-element-5c40d7b elementor-section-boxed elementor-section-height-default elementor-section-height-default\" data-id=\"5c40d7b\" data-element_type=\"section\">\n\t\t\t\t\t\t<div class=\"elementor-container elementor-column-gap-default\">\n\t\t\t\t\t<div class=\"elementor-column elementor-col-100 elementor-top-column elementor-element elementor-element-2ebbf9c\" data-id=\"2ebbf9c\" data-element_type=\"column\">\n\t\t\t<div class=\"elementor-widget-wrap elementor-element-populated\">\n\t\t\t\t\t\t<div class=\"elementor-element elementor-element-fe195c7 elementor-widget elementor-widget-heading\" data-id=\"fe195c7\" data-element_type=\"widget\" data-widget_type=\"heading.default\">\n\t\t\t\t<div class=\"elementor-widget-container\">\n\t\t\t\t\t<h2 class=\"elementor-heading-title elementor-size-default\">Yabanc\u0131 uyruklu personellere \u00e7al\u0131\u015fma izni alma \u015fartlar\u0131 nelerdir?\n<\/h2>\t\t\t\t<\/div>\n\t\t\t\t<\/div>\n\t\t\t\t<div class=\"elementor-element elementor-element-dc051dd elementor-widget-divider--view-line elementor-widget elementor-widget-divider\" data-id=\"dc051dd\" data-element_type=\"widget\" data-widget_type=\"divider.default\">\n\t\t\t\t<div class=\"elementor-widget-container\">\n\t\t\t\t\t\t\t<div class=\"elementor-divider\">\n\t\t\t<span class=\"elementor-divider-separator\">\n\t\t\t\t\t\t<\/span>\n\t\t<\/div>\n\t\t\t\t\t\t<\/div>\n\t\t\t\t<\/div>\n\t\t\t\t<div class=\"elementor-element elementor-element-e5f497e elementor-widget elementor-widget-text-editor\" data-id=\"e5f497e\" data-element_type=\"widget\" data-widget_type=\"text-editor.default\">\n\t\t\t\t<div class=\"elementor-widget-container\">\n\t\t\t\t\t\t\t\t\t<p>Genel olarak; 100 Bin TL \u00f6denmi\u015f sermayesi olan firmalarda 5 sigortal\u0131 T\u00fcrk personel istihdam\u0131 varsa bir yabanc\u0131 i\u00e7in \u00e7al\u0131\u015fma izni al\u0131nabilir. (<a href=\"https:\/\/huzuryildizidanismanlik.com\/\" data-wpel-link=\"internal\">Ev hizmetlerinde<\/a>\u00a0\u00e7al\u0131\u015facak yabanc\u0131lar i\u00e7in presed\u00fcr de\u011fi\u015fiklik g\u00f6stermektedir.) \u00c7al\u0131\u015fma izni ba\u015fvurusunu i\u015fveren veya temsilcisi elektronik imza ile yapar.<\/p><p>Yabanc\u0131 personel istihdam etmek isteyen i\u015fyerlerinin a\u015fa\u011f\u0131daki kriterlere sahip olmas\u0131 gerekmektedir:<\/p><ul><li>\u015eirkette sigortal\u0131 olarak \u00e7al\u0131\u015fan en az 5 T\u00fcrk vatanda\u015f\u0131 bulunmal\u0131d\u0131r.<\/li><li>\u0130zin al\u0131nacak yabanc\u0131, \u015firket orta\u011f\u0131 ise; 1 y\u0131ll\u0131k olarak verilen \u00e7al\u0131\u015fma izninin son 6 ay\u0131nda 5 sigortal\u0131 T\u00fcrk personeli istihdam \u015fart\u0131 yerine getirmelidir.<\/li><li>Ayn\u0131 i\u015f yerinde birden fazla yabanc\u0131 personel istihdam edilecekse, her bir yabanc\u0131 i\u00e7in ayr\u0131 ayr\u0131 5 T\u00fcrk vatanda\u015f\u0131 personel \u00e7al\u0131\u015ft\u0131r\u0131l\u0131yor olmas\u0131 gerekir. (\u00f6r: 5 yabanc\u0131 personel i\u00e7in 25 sigortal\u0131 T\u00fcrk personel \u00e7al\u0131\u015f\u0131yor olmal\u0131 veya istihdam edilmelidir)<\/li><li>\u015eirketin \u00f6denmi\u015f sermayesi en az\u00a0<strong>100.000 \u20ba<\/strong>\u00a0olmal\u0131d\u0131r veya sermaye artt\u0131r\u0131m\u0131 yap\u0131lmal\u0131d\u0131r.<\/li><li>\u0130\u015f yerinin br\u00fct sat\u0131\u015f tutar\u0131 en az\u00a0<strong>800.000 \u20ba<\/strong>\u00a0olmal\u0131 veya son y\u0131l ihracat tutar\u0131 en az\u00a0<strong>250.000 $<\/strong>\u00a0olmal\u0131d\u0131r.<\/li><li>\u015eirkete ait elektronik imza bulunmal\u0131d\u0131r.<\/li><\/ul><p>\u00c7al\u0131\u015fma iznine nas\u0131l ba\u015fvurulur?<\/p><ol><li><strong>T\u00fcrkiye \u00fczerinden \u00e7al\u0131\u015fma izni ba\u015fvurusu<\/strong><\/li><li><strong>Yurtd\u0131\u015f\u0131ndan \u00e7al\u0131\u015fma izni ba\u015fvurusu<\/strong><\/li><\/ol><h3><strong>T\u00fcrkiye\u2019den \u00c7al\u0131\u015fma \u0130zni Ba\u015fvurusu (Yurt i\u00e7i ba\u015fvuru)<\/strong><\/h3><p>Lisans \u00f6\u011frencileri hari\u00e7 olmak \u00fczere en az 6 ayl\u0131k al\u0131nm\u0131\u015f ikamet iznine sahip olan yabanc\u0131lar i\u00e7in yap\u0131lan ba\u015fvurudur. Bunun i\u00e7in a\u015fa\u011f\u0131daki prosed\u00fcr izlenmelidir:<\/p><ul><li>\u00c7al\u0131\u015fma Bakanl\u0131\u011f\u0131\u2019n\u0131n web sitesi \u00fczerinden online olarak ba\u015fvuru yap\u0131lmas\u0131 gerekmektedir.<\/li><li>\u00c7al\u0131\u015fma ve Sosyal G\u00fcvenlik Bakanl\u0131\u011f\u0131, 6735 Say\u0131l\u0131 Uluslararas\u0131 \u0130\u015fg\u00fcc\u00fc Kanunu ve di\u011fer ilgili mevzuat \u00e7er\u00e7evesinde belgeleri ve \u00e7al\u0131\u015fma izni ba\u015fvurusunu inceler. \u0130ncelemenin akabinde ba\u015fvurunun sonucu online olarak bildirir.<\/li><\/ul><h3><strong>Yurtd\u0131\u015f\u0131ndan \u00c7al\u0131\u015fma \u0130zni Ba\u015fvurusu<\/strong><\/h3><p>Ge\u00e7erli bir ikamet izni olmayan veya yurt d\u0131\u015f\u0131nda ya\u015fayan yabanc\u0131lar i\u00e7in; vatanda\u015f\u0131 oldu\u011fu veya ikamet etti\u011fi \u00fclkedeki T\u00fcrk konsolosluklar\u0131 \u00fczerinden \u00e7al\u0131\u015fma izni ba\u015fvurusunda bulunulmas\u0131 gerekmektedir.<\/p><p>T\u00fcrkiye\u2019nin yurt d\u0131\u015f\u0131 temsilciliklerine ba\u015fvuru i\u00e7in gerekli belgeler a\u015fa\u011f\u0131daki gibidir.<\/p><ul><li>Pasaport asl\u0131 ve fotokopisi<\/li><li>\u00c7al\u0131\u015fma vizesi ba\u015fvurusu formu<\/li><li>2 foto\u011fraf<\/li><li>\u0130\u015f s\u00f6zle\u015fmesi<\/li><\/ul><p>\u0130\u015fveren, konsolosluk taraf\u0131ndan verilen referans numaras\u0131 ile on g\u00fcn i\u00e7erisinde \u00c7al\u0131\u015fma Bakanl\u0131\u011f\u0131\u2019na online ba\u015fvuruda bulunmal\u0131d\u0131r. G\u00f6nderilen t\u00fcm belgeler do\u011fru ve eksiksiz ise \u00c7al\u0131\u015fma Bakanl\u0131\u011f\u0131 ortalama 30 g\u00fcn i\u00e7inde ba\u015fvuruyu sonu\u00e7land\u0131r\u0131r.\u00a0<strong>Vizesini alan yabanc\u0131n\u0131n T\u00fcrkiye\u2019ye 90 g\u00fcn i\u00e7inde giri\u015f yapmas\u0131 gerekmektedir.<\/strong><\/p><p><strong>\u00d6nemli Not<\/strong><\/p><blockquote><p>\u00c7al\u0131\u015fma Bakanl\u0131\u011f\u0131\u2019n\u0131n 6735 Say\u0131l\u0131\u00a0<strong>Uluslararas\u0131 \u0130\u015fg\u00fcc\u00fc Kanunu 14\/a maddesinde<\/strong>\u00a0belirtilen herhangi bir nedenden veya\u00a0\u00a0<em>\u00c7al\u0131\u015fma izni talep edilen yabanc\u0131n\u0131n g\u00f6revini yapabilecek \u0130\u015eKUR\u2019a kay\u0131tl\u0131 T\u00fcrk vatanda\u015f\u0131 bulunmas\u0131 durumunda<\/em>\u00a0ba\u015fvuruyu reddedebilece\u011fini l\u00fctfen unutmay\u0131n.<\/p><p>(L\u00fctfen bak\u0131n\u0131z;\u00a0<a href=\"https:\/\/huzuryildizidanismanlik.com\/\" data-wpel-link=\"internal\">\u00e7al\u0131\u015fma izni ba\u015fvurusunun ret alma nedenleri<\/a>)<\/p><\/blockquote><h2>Yabanc\u0131 personeller i\u00e7in zorunlu asgari \u00fccretler<\/h2><p>\u00c7al\u0131\u015fma izni al\u0131nacak yabanc\u0131n\u0131n maa\u015f\u0131, yapaca\u011f\u0131 g\u00f6revine veya niteli\u011fine uygun olmal\u0131d\u0131r. Ba\u015fvuru tarihi dikkate al\u0131narak bir yabanc\u0131ya verilmesi gereken taban \u00fccretler \u015fu \u015fekilde olmal\u0131d\u0131r:<\/p><ul><li>\u00dcst d\u00fczey y\u00f6neticilere, pilotlara veya \u00f6n izin isteyen m\u00fchendislere ve mimarlara asgari \u00fccretin\u00a0<strong>5<\/strong>\u00a0kat\u0131<\/li><li>Birim veya \u015fube m\u00fcd\u00fcr\u00fc ile m\u00fchendisler ve mimarlar i\u00e7in asgari \u00fccret miktar\u0131n\u0131n\u00a0<strong>4<\/strong>\u00a0kat\u0131<\/li><li>Uzmanl\u0131k veya yeterlilik gerektiren i\u015flerde \u00e7al\u0131\u015facak ki\u015filerin yan\u0131 s\u0131ra \u00f6\u011fretmenlerin asgari \u00fccret tutar\u0131n\u0131n\u00a0<strong>3<\/strong>\u00a0kat\u0131<\/li><li>Eleman stat\u00fcs\u00fcnde veya turizm sekt\u00f6r\u00fcnde \u00e7al\u0131\u015facak yabanc\u0131lar i\u00e7in asgari \u00fccret miktar\u0131n\u0131n\u00a0<strong>1,5<\/strong>\u00a0kat\u0131<\/li><li>Ev hizmetlerinde \u00e7ocuk veya hasta bak\u0131c\u0131 olarak \u00e7al\u0131\u015facak yabanc\u0131lara asgari \u00fccret<\/li><\/ul><p>Detayl\u0131 bilgi i\u00e7in:\u00a0<a href=\"https:\/\/huzuryildizidanismanlik.com\/\" data-wpel-link=\"internal\">Yabanc\u0131lara \u00d6denmesi Gereken Taban \u00dccretler (2022)<\/a>\u00a0sayfam\u0131za g\u00f6z atabilirsiniz.<\/p><h2>\u00c7al\u0131\u015fma \u0130zni Uzatma Ba\u015fvurular\u0131<\/h2><p>Yabanc\u0131n\u0131n bakanl\u0131k taraf\u0131ndan onaylanan \u00e7al\u0131\u015fma izni s\u00fcresi bittikten sonra yabanc\u0131n\u0131n \u00e7al\u0131\u015fmaya devam edebilmesi i\u00e7in \u00e7al\u0131\u015fma izninin uzat\u0131lmas\u0131 gerekir. \u00c7al\u0131\u015fma iznini uzatmak i\u00e7in yabanc\u0131n\u0131n d\u00fczenli \u00e7al\u0131\u015fmas\u0131, i\u015f yerine sa\u011flad\u0131\u011f\u0131 katk\u0131 ve i\u015fverene ait olan a\u015fa\u011f\u0131daki \u015fartlar de\u011ferlendirilir.<\/p><ul><li>Vergi borcunuz olmamal\u0131 (\u015eirketler)<\/li><li>SGK borcunuz olmamal\u0131 (\u015eirketler)<\/li><\/ul>\t\t\t\t\t\t\t\t<\/div>\n\t\t\t\t<\/div>\n\t\t\t\t\t<\/div>\n\t\t<\/div>\n\t\t\t\t\t<\/div>\n\t\t<\/section>\n\t\t\t\t<section class=\"elementor-section elementor-top-section elementor-element elementor-element-0fd4cc6 elementor-section-boxed elementor-section-height-default elementor-section-height-default\" data-id=\"0fd4cc6\" data-element_type=\"section\">\n\t\t\t\t\t\t<div class=\"elementor-container elementor-column-gap-default\">\n\t\t\t\t\t<div class=\"elementor-column elementor-col-100 elementor-top-column elementor-element elementor-element-b0ce558\" data-id=\"b0ce558\" data-element_type=\"column\">\n\t\t\t<div class=\"elementor-widget-wrap elementor-element-populated\">\n\t\t\t\t\t\t<div class=\"elementor-element elementor-element-eb79cbc elementor-widget elementor-widget-text-editor\" data-id=\"eb79cbc\" data-element_type=\"widget\" data-widget_type=\"text-editor.default\">\n\t\t\t\t<div class=\"elementor-widget-container\">\n\t\t\t\t\t\t\t\t\t<p><strong>Dan\u0131\u015fmanl\u0131k hizmetimizden faydalan\u0131n.<\/strong><\/p><p>Turkuaz kart\u00a0<a href=\"https:\/\/huzuryildizidanismanlik.com\/\" data-wpel-link=\"internal\">dan\u0131\u015fmanl\u0131k<\/a>\u00a0hizmetimiz sayesinde \u00e7ok ekonomik \u00fccretlerle Turkuaz kart ba\u015fvurunuzu yap\u0131yoruz. Ba\u015fvurunuzun onaylanmas\u0131 ve Turkuaz kart program\u0131na al\u0131nman\u0131z durumunda \u00fc\u00e7 y\u0131ll\u0131k Ge\u00e7i\u015f S\u00fcrecinin y\u00f6netimini de biz ger\u00e7ekle\u015ftiriyoruz.<\/p><p>Kendi dilinizde ve T\u00fcrk\u00e7e yaz\u0131lm\u0131\u015f bir s\u00f6zle\u015fme ile bizden alaca\u011f\u0131n\u0131z hizmeti garanti alt\u0131na alman\u0131z\u0131 sa\u011fl\u0131yoruz.<\/p><p>A\u015fa\u011f\u0131daki uygunluk testini doldurun, dan\u0131\u015fmanlar\u0131m\u0131z sizinle ileti\u015fime ge\u00e7sin, Turkuaz kart dan\u0131\u015fmanlar\u0131m\u0131z ile \u0130ngilizce, Frans\u0131zca, Arap\u00e7a ve Rus\u00e7a olarak ileti\u015fim kurabilirsiniz.<\/p>\t\t\t\t\t\t\t\t<\/div>\n\t\t\t\t<\/div>\n\t\t\t\t\t<\/div>\n\t\t<\/div>\n\t\t\t\t\t<\/div>\n\t\t<\/section>\n\t\t\t\t<\/div>\n\t\t","protected":false},"excerpt":{"rendered":"<p>\u00c7Al\u0131\u015fma izni Yabanc\u0131 uyruklu personellere \u00e7al\u0131\u015fma izni alma \u015fartlar\u0131 nelerdir? Genel olarak; 100 Bin TL \u00f6denmi\u015f sermayesi olan firmalarda 5 sigortal\u0131 T\u00fcrk personel istihdam\u0131 varsa bir yabanc\u0131 i\u00e7in \u00e7al\u0131\u015fma izni al\u0131nabilir. (Ev hizmetlerinde\u00a0\u00e7al\u0131\u015facak yabanc\u0131lar i\u00e7in presed\u00fcr de\u011fi\u015fiklik g\u00f6stermektedir.) \u00c7al\u0131\u015fma izni ba\u015fvurusunu i\u015fveren veya temsilcisi elektronik imza ile yapar. Yabanc\u0131 personel istihdam etmek isteyen i\u015fyerlerinin a\u015fa\u011f\u0131daki [&hellip;]<\/p>\n","protected":false},"author":1,"featured_media":0,"parent":0,"menu_order":0,"comment_status":"closed","ping_status":"closed","template":"","meta":{"site-sidebar-layout":"no-sidebar","site-content-layout":"page-builder","ast-site-content-layout":"","site-content-style":"default","site-sidebar-style":"default","ast-global-header-display":"","ast-banner-title-visibility":"","ast-main-header-display":"","ast-hfb-above-header-display":"","ast-hfb-below-header-display":"","ast-hfb-mobile-header-display":"","site-post-title":"disabled","ast-breadcrumbs-content":"","ast-featured-img":"disabled","footer-sml-layout":"","theme-transparent-header-meta":"enabled","adv-header-id-meta":"","stick-header-meta":"","header-above-stick-meta":"","header-main-stick-meta":"","header-below-stick-meta":"","astra-migrate-meta-layouts":"default","ast-page-background-enabled":"default","ast-page-background-meta":{"desktop":{"background-color":"","background-image":"","background-repeat":"repeat","background-position":"center center","background-size":"auto","background-attachment":"scroll","background-type":"","background-media":"","overlay-type":"","overlay-color":"","overlay-opacity":"","overlay-gradient":""},"tablet":{"background-color":"","background-image":"","background-repeat":"repeat","background-position":"center center","background-size":"auto","background-attachment":"scroll","background-type":"","background-media":"","overlay-type":"","overlay-color":"","overlay-opacity":"","overlay-gradient":""},"mobile":{"background-color":"","background-image":"","background-repeat":"repeat","background-position":"center center","background-size":"auto","background-attachment":"scroll","background-type":"","background-media":"","overlay-type":"","overlay-color":"","overlay-opacity":"","overlay-gradient":""}},"ast-content-background-meta":{"desktop":{"background-color":"var(--ast-global-color-5)","background-image":"","background-repeat":"repeat","background-position":"center center","background-size":"auto","background-attachment":"scroll","background-type":"","background-media":"","overlay-type":"","overlay-color":"","overlay-opacity":"","overlay-gradient":""},"tablet":{"background-color":"var(--ast-global-color-5)","background-image":"","background-repeat":"repeat","background-position":"center center","background-size":"auto","background-attachment":"scroll","background-type":"","background-media":"","overlay-type":"","overlay-color":"","overlay-opacity":"","overlay-gradient":""},"mobile":{"background-color":"var(--ast-global-color-5)","background-image":"","background-repeat":"repeat","background-position":"center center","background-size":"auto","background-attachment":"scroll","background-type":"","background-media":"","overlay-type":"","overlay-color":"","overlay-opacity":"","overlay-gradient":""}},"_joinchat":[],"footnotes":""},"class_list":["post-695","page","type-page","status-publish","hentry"],"yoast_head":"<!-- This site is optimized with the Yoast SEO plugin v24.6 - https:\/\/yoast.com\/wordpress\/plugins\/seo\/ -->\n<title>\u00c7al\u0131\u015fma \u0130zni - Huzur Y\u0131ld\u0131z\u0131 Dan\u0131\u015fmanl\u0131k<\/title>\n<meta name=\"robots\" content=\"index, follow, max-snippet:-1, max-image-preview:large, max-video-preview:-1\" \/>\n<link rel=\"canonical\" href=\"https:\/\/huzuryildizidanismanlik.com\/?page_id=695\" \/>\n<meta property=\"og:locale\" content=\"tr_TR\" \/>\n<meta property=\"og:type\" content=\"article\" \/>\n<meta property=\"og:title\" content=\"\u00c7al\u0131\u015fma \u0130zni - Huzur Y\u0131ld\u0131z\u0131 Dan\u0131\u015fmanl\u0131k\" \/>\n<meta property=\"og:description\" content=\"\u00c7Al\u0131\u015fma izni Yabanc\u0131 uyruklu personellere \u00e7al\u0131\u015fma izni alma \u015fartlar\u0131 nelerdir? Genel olarak; 100 Bin TL \u00f6denmi\u015f sermayesi olan firmalarda 5 sigortal\u0131 T\u00fcrk personel istihdam\u0131 varsa bir yabanc\u0131 i\u00e7in \u00e7al\u0131\u015fma izni al\u0131nabilir. (Ev hizmetlerinde\u00a0\u00e7al\u0131\u015facak yabanc\u0131lar i\u00e7in presed\u00fcr de\u011fi\u015fiklik g\u00f6stermektedir.) \u00c7al\u0131\u015fma izni ba\u015fvurusunu i\u015fveren veya temsilcisi elektronik imza ile yapar. Yabanc\u0131 personel istihdam etmek isteyen i\u015fyerlerinin a\u015fa\u011f\u0131daki [&hellip;]\" \/>\n<meta property=\"og:url\" content=\"https:\/\/huzuryildizidanismanlik.com\/?page_id=695\" \/>\n<meta property=\"og:site_name\" content=\"Huzur Y\u0131ld\u0131z\u0131 Dan\u0131\u015fmanl\u0131k\" \/>\n<meta property=\"article:modified_time\" content=\"2022-11-14T14:14:29+00:00\" \/>\n<meta name=\"twitter:card\" content=\"summary_large_image\" \/>\n<meta name=\"twitter:label1\" content=\"Tahmini okuma s\u00fcresi\" \/>\n\t<meta name=\"twitter:data1\" content=\"4 dakika\" \/>\n<script type=\"application\/ld+json\" class=\"yoast-schema-graph\">{\"@context\":\"https:\/\/schema.org\",\"@graph\":[{\"@type\":\"WebPage\",\"@id\":\"https:\/\/huzuryildizidanismanlik.com\/?page_id=695\",\"url\":\"https:\/\/huzuryildizidanismanlik.com\/?page_id=695\",\"name\":\"\u00c7al\u0131\u015fma \u0130zni - Huzur Y\u0131ld\u0131z\u0131 Dan\u0131\u015fmanl\u0131k\",\"isPartOf\":{\"@id\":\"https:\/\/huzuryildizidanismanlik.com\/#website\"},\"datePublished\":\"2022-08-16T09:54:04+00:00\",\"dateModified\":\"2022-11-14T14:14:29+00:00\",\"breadcrumb\":{\"@id\":\"https:\/\/huzuryildizidanismanlik.com\/?page_id=695#breadcrumb\"},\"inLanguage\":\"tr\",\"potentialAction\":[{\"@type\":\"ReadAction\",\"target\":[\"https:\/\/huzuryildizidanismanlik.com\/?page_id=695\"]}]},{\"@type\":\"BreadcrumbList\",\"@id\":\"https:\/\/huzuryildizidanismanlik.com\/?page_id=695#breadcrumb\",\"itemListElement\":[{\"@type\":\"ListItem\",\"position\":1,\"name\":\"Anasayfa\",\"item\":\"https:\/\/huzuryildizidanismanlik.com\/\"},{\"@type\":\"ListItem\",\"position\":2,\"name\":\"\u00c7al\u0131\u015fma \u0130zni\"}]},{\"@type\":\"WebSite\",\"@id\":\"https:\/\/huzuryildizidanismanlik.com\/#website\",\"url\":\"https:\/\/huzuryildizidanismanlik.com\/\",\"name\":\"Huzur Y\u0131ld\u0131z\u0131 Dan\u0131\u015fmanl\u0131k\",\"description\":\"Profesyonel Dan\u0131\u015fmanl\u0131k Hizmeti\",\"potentialAction\":[{\"@type\":\"SearchAction\",\"target\":{\"@type\":\"EntryPoint\",\"urlTemplate\":\"https:\/\/huzuryildizidanismanlik.com\/?s={search_term_string}\"},\"query-input\":{\"@type\":\"PropertyValueSpecification\",\"valueRequired\":true,\"valueName\":\"search_term_string\"}}],\"inLanguage\":\"tr\"}]}<\/script>\n<!-- \/ Yoast SEO plugin. -->","yoast_head_json":{"title":"\u00c7al\u0131\u015fma \u0130zni - Huzur Y\u0131ld\u0131z\u0131 Dan\u0131\u015fmanl\u0131k","robots":{"index":"index","follow":"follow","max-snippet":"max-snippet:-1","max-image-preview":"max-image-preview:large","max-video-preview":"max-video-preview:-1"},"canonical":"https:\/\/huzuryildizidanismanlik.com\/?page_id=695","og_locale":"tr_TR","og_type":"article","og_title":"\u00c7al\u0131\u015fma \u0130zni - Huzur Y\u0131ld\u0131z\u0131 Dan\u0131\u015fmanl\u0131k","og_description":"\u00c7Al\u0131\u015fma izni Yabanc\u0131 uyruklu personellere \u00e7al\u0131\u015fma izni alma \u015fartlar\u0131 nelerdir? Genel olarak; 100 Bin TL \u00f6denmi\u015f sermayesi olan firmalarda 5 sigortal\u0131 T\u00fcrk personel istihdam\u0131 varsa bir yabanc\u0131 i\u00e7in \u00e7al\u0131\u015fma izni al\u0131nabilir. (Ev hizmetlerinde\u00a0\u00e7al\u0131\u015facak yabanc\u0131lar i\u00e7in presed\u00fcr de\u011fi\u015fiklik g\u00f6stermektedir.) \u00c7al\u0131\u015fma izni ba\u015fvurusunu i\u015fveren veya temsilcisi elektronik imza ile yapar. Yabanc\u0131 personel istihdam etmek isteyen i\u015fyerlerinin a\u015fa\u011f\u0131daki [&hellip;]","og_url":"https:\/\/huzuryildizidanismanlik.com\/?page_id=695","og_site_name":"Huzur Y\u0131ld\u0131z\u0131 Dan\u0131\u015fmanl\u0131k","article_modified_time":"2022-11-14T14:14:29+00:00","twitter_card":"summary_large_image","twitter_misc":{"Tahmini okuma s\u00fcresi":"4 dakika"},"schema":{"@context":"https:\/\/schema.org","@graph":[{"@type":"WebPage","@id":"https:\/\/huzuryildizidanismanlik.com\/?page_id=695","url":"https:\/\/huzuryildizidanismanlik.com\/?page_id=695","name":"\u00c7al\u0131\u015fma \u0130zni - Huzur Y\u0131ld\u0131z\u0131 Dan\u0131\u015fmanl\u0131k","isPartOf":{"@id":"https:\/\/huzuryildizidanismanlik.com\/#website"},"datePublished":"2022-08-16T09:54:04+00:00","dateModified":"2022-11-14T14:14:29+00:00","breadcrumb":{"@id":"https:\/\/huzuryildizidanismanlik.com\/?page_id=695#breadcrumb"},"inLanguage":"tr","potentialAction":[{"@type":"ReadAction","target":["https:\/\/huzuryildizidanismanlik.com\/?page_id=695"]}]},{"@type":"BreadcrumbList","@id":"https:\/\/huzuryildizidanismanlik.com\/?page_id=695#breadcrumb","itemListElement":[{"@type":"ListItem","position":1,"name":"Anasayfa","item":"https:\/\/huzuryildizidanismanlik.com\/"},{"@type":"ListItem","position":2,"name":"\u00c7al\u0131\u015fma \u0130zni"}]},{"@type":"WebSite","@id":"https:\/\/huzuryildizidanismanlik.com\/#website","url":"https:\/\/huzuryildizidanismanlik.com\/","name":"Huzur Y\u0131ld\u0131z\u0131 Dan\u0131\u015fmanl\u0131k","description":"Profesyonel Dan\u0131\u015fmanl\u0131k Hizmeti","potentialAction":[{"@type":"SearchAction","target":{"@type":"EntryPoint","urlTemplate":"https:\/\/huzuryildizidanismanlik.com\/?s={search_term_string}"},"query-input":{"@type":"PropertyValueSpecification","valueRequired":true,"valueName":"search_term_string"}}],"inLanguage":"tr"}]}},"_links":{"self":[{"href":"https:\/\/huzuryildizidanismanlik.com\/index.php?rest_route=\/wp\/v2\/pages\/695","targetHints":{"allow":["GET"]}}],"collection":[{"href":"https:\/\/huzuryildizidanismanlik.com\/index.php?rest_route=\/wp\/v2\/pages"}],"about":[{"href":"https:\/\/huzuryildizidanismanlik.com\/index.php?rest_route=\/wp\/v2\/types\/page"}],"author":[{"embeddable":true,"href":"https:\/\/huzuryildizidanismanlik.com\/index.php?rest_route=\/wp\/v2\/users\/1"}],"replies":[{"embeddable":true,"href":"https:\/\/huzuryildizidanismanlik.com\/index.php?rest_route=%2Fwp%2Fv2%2Fcomments&post=695"}],"version-history":[{"count":13,"href":"https:\/\/huzuryildizidanismanlik.com\/index.php?rest_route=\/wp\/v2\/pages\/695\/revisions"}],"predecessor-version":[{"id":755,"href":"https:\/\/huzuryildizidanismanlik.com\/index.php?rest_route=\/wp\/v2\/pages\/695\/revisions\/755"}],"wp:attachment":[{"href":"https:\/\/huzuryildizidanismanlik.com\/index.php?rest_route=%2Fwp%2Fv2%2Fmedia&parent=695"}],"curies":[{"name":"wp","href":"https:\/\/api.w.org\/{rel}","templated":true}]}}