{"id":664,"date":"2022-08-16T09:17:31","date_gmt":"2022-08-16T09:17:31","guid":{"rendered":"https:\/\/huzuryildizidanismanlik.com\/?page_id=664"},"modified":"2022-08-16T09:18:23","modified_gmt":"2022-08-16T09:18:23","slug":"oturma-izni-2","status":"publish","type":"page","link":"https:\/\/huzuryildizidanismanlik.com\/?page_id=664","title":{"rendered":"Oturma izni"},"content":{"rendered":"\t\t<div data-elementor-type=\"wp-post\" data-elementor-id=\"664\" class=\"elementor elementor-664\">\n\t\t\t\t\t\t<section class=\"elementor-section elementor-top-section elementor-element elementor-element-d7d8b56 elementor-section-boxed elementor-section-height-default elementor-section-height-default\" data-id=\"d7d8b56\" data-element_type=\"section\" data-settings=\"{&quot;background_background&quot;:&quot;classic&quot;}\">\n\t\t\t\t\t\t\t<div class=\"elementor-background-overlay\"><\/div>\n\t\t\t\t\t\t\t<div class=\"elementor-container elementor-column-gap-default\">\n\t\t\t\t\t<div class=\"elementor-column elementor-col-100 elementor-top-column elementor-element elementor-element-fd69444\" data-id=\"fd69444\" data-element_type=\"column\">\n\t\t\t<div class=\"elementor-widget-wrap elementor-element-populated\">\n\t\t\t\t\t\t<div class=\"elementor-element elementor-element-abcc2f2 elementor-widget elementor-widget-heading\" data-id=\"abcc2f2\" data-element_type=\"widget\" data-widget_type=\"heading.default\">\n\t\t\t\t<div class=\"elementor-widget-container\">\n\t\t\t\t\t<h1 class=\"elementor-heading-title elementor-size-default\">Oturma izni<\/h1>\t\t\t\t<\/div>\n\t\t\t\t<\/div>\n\t\t\t\t\t<\/div>\n\t\t<\/div>\n\t\t\t\t\t<\/div>\n\t\t<\/section>\n\t\t\t\t<section class=\"elementor-section elementor-top-section elementor-element elementor-element-5c40d7b elementor-section-boxed elementor-section-height-default elementor-section-height-default\" data-id=\"5c40d7b\" data-element_type=\"section\">\n\t\t\t\t\t\t<div class=\"elementor-container elementor-column-gap-default\">\n\t\t\t\t\t<div class=\"elementor-column elementor-col-50 elementor-top-column elementor-element elementor-element-2ebbf9c\" data-id=\"2ebbf9c\" data-element_type=\"column\">\n\t\t\t<div class=\"elementor-widget-wrap elementor-element-populated\">\n\t\t\t\t\t\t<div class=\"elementor-element elementor-element-fe195c7 elementor-widget elementor-widget-heading\" data-id=\"fe195c7\" data-element_type=\"widget\" data-widget_type=\"heading.default\">\n\t\t\t\t<div class=\"elementor-widget-container\">\n\t\t\t\t\t<h2 class=\"elementor-heading-title elementor-size-default\">Oturma izni<\/h2>\t\t\t\t<\/div>\n\t\t\t\t<\/div>\n\t\t\t\t<div class=\"elementor-element elementor-element-dc051dd elementor-widget-divider--view-line elementor-widget elementor-widget-divider\" data-id=\"dc051dd\" data-element_type=\"widget\" data-widget_type=\"divider.default\">\n\t\t\t\t<div class=\"elementor-widget-container\">\n\t\t\t\t\t\t\t<div class=\"elementor-divider\">\n\t\t\t<span class=\"elementor-divider-separator\">\n\t\t\t\t\t\t<\/span>\n\t\t<\/div>\n\t\t\t\t\t\t<\/div>\n\t\t\t\t<\/div>\n\t\t\t\t<div class=\"elementor-element elementor-element-e5f497e elementor-widget elementor-widget-text-editor\" data-id=\"e5f497e\" data-element_type=\"widget\" data-widget_type=\"text-editor.default\">\n\t\t\t\t<div class=\"elementor-widget-container\">\n\t\t\t\t\t\t\t\t\t<p>Oturma izni, \u00e7e\u015fitli nedenlerle T\u00fcrkiye\u2019ye yerle\u015fmeye karar vermi\u015f yabanc\u0131lar\u0131n almas\u0131n\u0131n zorunlu oldu\u011fu ikamet tezkeresinin di\u011fer ad\u0131d\u0131r, T\u00fcrkiye\u2019de k\u0131sa d\u00f6nem, \u00f6\u011frenci, aile, uzun d\u00f6nem, tedavi ve insani ikamet izni \u00e7e\u015fitleri vard\u0131r ve ba\u015fvurular g\u00f6\u00e7 idaresine online olarak internet \u00fczerinden yap\u0131l\u0131r. T\u00fcrkiye\u2019de oturma izni almaya karar verdiyseniz, bu sayfa size genel bir bilgi edinmenize yard\u0131mc\u0131 olacakt\u0131r.<\/p>\t\t\t\t\t\t\t\t<\/div>\n\t\t\t\t<\/div>\n\t\t\t\t\t<\/div>\n\t\t<\/div>\n\t\t\t\t<div class=\"elementor-column elementor-col-50 elementor-top-column elementor-element elementor-element-e5fdae0\" data-id=\"e5fdae0\" data-element_type=\"column\">\n\t\t\t<div class=\"elementor-widget-wrap elementor-element-populated\">\n\t\t\t\t\t\t<div class=\"elementor-element elementor-element-96b5b53 elementor-widget elementor-widget-image\" data-id=\"96b5b53\" data-element_type=\"widget\" data-widget_type=\"image.default\">\n\t\t\t\t<div class=\"elementor-widget-container\">\n\t\t\t\t\t\t\t\t\t\t\t\t\t\t\t<img fetchpriority=\"high\" decoding=\"async\" width=\"644\" height=\"402\" src=\"https:\/\/huzuryildizidanismanlik.com\/wp-content\/uploads\/2022\/08\/231.jpg\" class=\"attachment-full size-full wp-image-589\" alt=\"\" srcset=\"https:\/\/huzuryildizidanismanlik.com\/wp-content\/uploads\/2022\/08\/231.jpg 644w, https:\/\/huzuryildizidanismanlik.com\/wp-content\/uploads\/2022\/08\/231-300x187.jpg 300w\" sizes=\"(max-width: 644px) 100vw, 644px\" \/>\t\t\t\t\t\t\t\t\t\t\t\t\t\t\t<\/div>\n\t\t\t\t<\/div>\n\t\t\t\t\t<\/div>\n\t\t<\/div>\n\t\t\t\t\t<\/div>\n\t\t<\/section>\n\t\t\t\t<\/div>\n\t\t","protected":false},"excerpt":{"rendered":"<p>Oturma izni Oturma izni Oturma izni, \u00e7e\u015fitli nedenlerle T\u00fcrkiye\u2019ye yerle\u015fmeye karar vermi\u015f yabanc\u0131lar\u0131n almas\u0131n\u0131n zorunlu oldu\u011fu ikamet tezkeresinin di\u011fer ad\u0131d\u0131r, T\u00fcrkiye\u2019de k\u0131sa d\u00f6nem, \u00f6\u011frenci, aile, uzun d\u00f6nem, tedavi ve insani ikamet izni \u00e7e\u015fitleri vard\u0131r ve ba\u015fvurular g\u00f6\u00e7 idaresine online olarak internet \u00fczerinden yap\u0131l\u0131r. T\u00fcrkiye\u2019de oturma izni almaya karar verdiyseniz, bu sayfa size genel bir bilgi [&hellip;]<\/p>\n","protected":false},"author":1,"featured_media":0,"parent":0,"menu_order":0,"comment_status":"closed","ping_status":"closed","template":"","meta":{"site-sidebar-layout":"no-sidebar","site-content-layout":"page-builder","ast-site-content-layout":"","site-content-style":"default","site-sidebar-style":"default","ast-global-header-display":"","ast-banner-title-visibility":"","ast-main-header-display":"","ast-hfb-above-header-display":"","ast-hfb-below-header-display":"","ast-hfb-mobile-header-display":"","site-post-title":"disabled","ast-breadcrumbs-content":"","ast-featured-img":"disabled","footer-sml-layout":"","theme-transparent-header-meta":"enabled","adv-header-id-meta":"","stick-header-meta":"","header-above-stick-meta":"","header-main-stick-meta":"","header-below-stick-meta":"","astra-migrate-meta-layouts":"default","ast-page-background-enabled":"default","ast-page-background-meta":{"desktop":{"background-color":"","background-image":"","background-repeat":"repeat","background-position":"center center","background-size":"auto","background-attachment":"scroll","background-type":"","background-media":"","overlay-type":"","overlay-color":"","overlay-opacity":"","overlay-gradient":""},"tablet":{"background-color":"","background-image":"","background-repeat":"repeat","background-position":"center center","background-size":"auto","background-attachment":"scroll","background-type":"","background-media":"","overlay-type":"","overlay-color":"","overlay-opacity":"","overlay-gradient":""},"mobile":{"background-color":"","background-image":"","background-repeat":"repeat","background-position":"center center","background-size":"auto","background-attachment":"scroll","background-type":"","background-media":"","overlay-type":"","overlay-color":"","overlay-opacity":"","overlay-gradient":""}},"ast-content-background-meta":{"desktop":{"background-color":"var(--ast-global-color-5)","background-image":"","background-repeat":"repeat","background-position":"center center","background-size":"auto","background-attachment":"scroll","background-type":"","background-media":"","overlay-type":"","overlay-color":"","overlay-opacity":"","overlay-gradient":""},"tablet":{"background-color":"var(--ast-global-color-5)","background-image":"","background-repeat":"repeat","background-position":"center center","background-size":"auto","background-attachment":"scroll","background-type":"","background-media":"","overlay-type":"","overlay-color":"","overlay-opacity":"","overlay-gradient":""},"mobile":{"background-color":"var(--ast-global-color-5)","background-image":"","background-repeat":"repeat","background-position":"center center","background-size":"auto","background-attachment":"scroll","background-type":"","background-media":"","overlay-type":"","overlay-color":"","overlay-opacity":"","overlay-gradient":""}},"_joinchat":[],"footnotes":""},"class_list":["post-664","page","type-page","status-publish","hentry"],"yoast_head":"<!-- This site is optimized with the Yoast SEO plugin v24.6 - https:\/\/yoast.com\/wordpress\/plugins\/seo\/ -->\n<title>Oturma izni - Huzur Y\u0131ld\u0131z\u0131 Dan\u0131\u015fmanl\u0131k<\/title>\n<meta name=\"robots\" content=\"index, follow, max-snippet:-1, max-image-preview:large, max-video-preview:-1\" \/>\n<link rel=\"canonical\" href=\"https:\/\/huzuryildizidanismanlik.com\/?page_id=664\" \/>\n<meta property=\"og:locale\" content=\"tr_TR\" \/>\n<meta property=\"og:type\" content=\"article\" \/>\n<meta property=\"og:title\" content=\"Oturma izni - Huzur Y\u0131ld\u0131z\u0131 Dan\u0131\u015fmanl\u0131k\" \/>\n<meta property=\"og:description\" content=\"Oturma izni Oturma izni Oturma izni, \u00e7e\u015fitli nedenlerle T\u00fcrkiye\u2019ye yerle\u015fmeye karar vermi\u015f yabanc\u0131lar\u0131n almas\u0131n\u0131n zorunlu oldu\u011fu ikamet tezkeresinin di\u011fer ad\u0131d\u0131r, T\u00fcrkiye\u2019de k\u0131sa d\u00f6nem, \u00f6\u011frenci, aile, uzun d\u00f6nem, tedavi ve insani ikamet izni \u00e7e\u015fitleri vard\u0131r ve ba\u015fvurular g\u00f6\u00e7 idaresine online olarak internet \u00fczerinden yap\u0131l\u0131r. T\u00fcrkiye\u2019de oturma izni almaya karar verdiyseniz, bu sayfa size genel bir bilgi [&hellip;]\" \/>\n<meta property=\"og:url\" content=\"https:\/\/huzuryildizidanismanlik.com\/?page_id=664\" \/>\n<meta property=\"og:site_name\" content=\"Huzur Y\u0131ld\u0131z\u0131 Dan\u0131\u015fmanl\u0131k\" \/>\n<meta property=\"article:modified_time\" content=\"2022-08-16T09:18:23+00:00\" \/>\n<meta property=\"og:image\" content=\"https:\/\/huzuryildizidanismanlik.com\/wp-content\/uploads\/2022\/08\/231.jpg\" \/>\n<meta name=\"twitter:card\" content=\"summary_large_image\" \/>\n<meta name=\"twitter:label1\" content=\"Tahmini okuma s\u00fcresi\" \/>\n\t<meta name=\"twitter:data1\" content=\"1 dakika\" \/>\n<script type=\"application\/ld+json\" class=\"yoast-schema-graph\">{\"@context\":\"https:\/\/schema.org\",\"@graph\":[{\"@type\":\"WebPage\",\"@id\":\"https:\/\/huzuryildizidanismanlik.com\/?page_id=664\",\"url\":\"https:\/\/huzuryildizidanismanlik.com\/?page_id=664\",\"name\":\"Oturma izni - Huzur Y\u0131ld\u0131z\u0131 Dan\u0131\u015fmanl\u0131k\",\"isPartOf\":{\"@id\":\"https:\/\/huzuryildizidanismanlik.com\/#website\"},\"primaryImageOfPage\":{\"@id\":\"https:\/\/huzuryildizidanismanlik.com\/?page_id=664#primaryimage\"},\"image\":{\"@id\":\"https:\/\/huzuryildizidanismanlik.com\/?page_id=664#primaryimage\"},\"thumbnailUrl\":\"https:\/\/huzuryildizidanismanlik.com\/wp-content\/uploads\/2022\/08\/231.jpg\",\"datePublished\":\"2022-08-16T09:17:31+00:00\",\"dateModified\":\"2022-08-16T09:18:23+00:00\",\"breadcrumb\":{\"@id\":\"https:\/\/huzuryildizidanismanlik.com\/?page_id=664#breadcrumb\"},\"inLanguage\":\"tr\",\"potentialAction\":[{\"@type\":\"ReadAction\",\"target\":[\"https:\/\/huzuryildizidanismanlik.com\/?page_id=664\"]}]},{\"@type\":\"ImageObject\",\"inLanguage\":\"tr\",\"@id\":\"https:\/\/huzuryildizidanismanlik.com\/?page_id=664#primaryimage\",\"url\":\"https:\/\/huzuryildizidanismanlik.com\/wp-content\/uploads\/2022\/08\/231.jpg\",\"contentUrl\":\"https:\/\/huzuryildizidanismanlik.com\/wp-content\/uploads\/2022\/08\/231.jpg\",\"width\":644,\"height\":402},{\"@type\":\"BreadcrumbList\",\"@id\":\"https:\/\/huzuryildizidanismanlik.com\/?page_id=664#breadcrumb\",\"itemListElement\":[{\"@type\":\"ListItem\",\"position\":1,\"name\":\"Anasayfa\",\"item\":\"https:\/\/huzuryildizidanismanlik.com\/\"},{\"@type\":\"ListItem\",\"position\":2,\"name\":\"Oturma izni\"}]},{\"@type\":\"WebSite\",\"@id\":\"https:\/\/huzuryildizidanismanlik.com\/#website\",\"url\":\"https:\/\/huzuryildizidanismanlik.com\/\",\"name\":\"Huzur Y\u0131ld\u0131z\u0131 Dan\u0131\u015fmanl\u0131k\",\"description\":\"Profesyonel Dan\u0131\u015fmanl\u0131k Hizmeti\",\"potentialAction\":[{\"@type\":\"SearchAction\",\"target\":{\"@type\":\"EntryPoint\",\"urlTemplate\":\"https:\/\/huzuryildizidanismanlik.com\/?s={search_term_string}\"},\"query-input\":{\"@type\":\"PropertyValueSpecification\",\"valueRequired\":true,\"valueName\":\"search_term_string\"}}],\"inLanguage\":\"tr\"}]}<\/script>\n<!-- \/ Yoast SEO plugin. -->","yoast_head_json":{"title":"Oturma izni - Huzur Y\u0131ld\u0131z\u0131 Dan\u0131\u015fmanl\u0131k","robots":{"index":"index","follow":"follow","max-snippet":"max-snippet:-1","max-image-preview":"max-image-preview:large","max-video-preview":"max-video-preview:-1"},"canonical":"https:\/\/huzuryildizidanismanlik.com\/?page_id=664","og_locale":"tr_TR","og_type":"article","og_title":"Oturma izni - Huzur Y\u0131ld\u0131z\u0131 Dan\u0131\u015fmanl\u0131k","og_description":"Oturma izni Oturma izni Oturma izni, \u00e7e\u015fitli nedenlerle T\u00fcrkiye\u2019ye yerle\u015fmeye karar vermi\u015f yabanc\u0131lar\u0131n almas\u0131n\u0131n zorunlu oldu\u011fu ikamet tezkeresinin di\u011fer ad\u0131d\u0131r, T\u00fcrkiye\u2019de k\u0131sa d\u00f6nem, \u00f6\u011frenci, aile, uzun d\u00f6nem, tedavi ve insani ikamet izni \u00e7e\u015fitleri vard\u0131r ve ba\u015fvurular g\u00f6\u00e7 idaresine online olarak internet \u00fczerinden yap\u0131l\u0131r. T\u00fcrkiye\u2019de oturma izni almaya karar verdiyseniz, bu sayfa size genel bir bilgi [&hellip;]","og_url":"https:\/\/huzuryildizidanismanlik.com\/?page_id=664","og_site_name":"Huzur Y\u0131ld\u0131z\u0131 Dan\u0131\u015fmanl\u0131k","article_modified_time":"2022-08-16T09:18:23+00:00","og_image":[{"url":"https:\/\/huzuryildizidanismanlik.com\/wp-content\/uploads\/2022\/08\/231.jpg","type":"","width":"","height":""}],"twitter_card":"summary_large_image","twitter_misc":{"Tahmini okuma s\u00fcresi":"1 dakika"},"schema":{"@context":"https:\/\/schema.org","@graph":[{"@type":"WebPage","@id":"https:\/\/huzuryildizidanismanlik.com\/?page_id=664","url":"https:\/\/huzuryildizidanismanlik.com\/?page_id=664","name":"Oturma izni - Huzur Y\u0131ld\u0131z\u0131 Dan\u0131\u015fmanl\u0131k","isPartOf":{"@id":"https:\/\/huzuryildizidanismanlik.com\/#website"},"primaryImageOfPage":{"@id":"https:\/\/huzuryildizidanismanlik.com\/?page_id=664#primaryimage"},"image":{"@id":"https:\/\/huzuryildizidanismanlik.com\/?page_id=664#primaryimage"},"thumbnailUrl":"https:\/\/huzuryildizidanismanlik.com\/wp-content\/uploads\/2022\/08\/231.jpg","datePublished":"2022-08-16T09:17:31+00:00","dateModified":"2022-08-16T09:18:23+00:00","breadcrumb":{"@id":"https:\/\/huzuryildizidanismanlik.com\/?page_id=664#breadcrumb"},"inLanguage":"tr","potentialAction":[{"@type":"ReadAction","target":["https:\/\/huzuryildizidanismanlik.com\/?page_id=664"]}]},{"@type":"ImageObject","inLanguage":"tr","@id":"https:\/\/huzuryildizidanismanlik.com\/?page_id=664#primaryimage","url":"https:\/\/huzuryildizidanismanlik.com\/wp-content\/uploads\/2022\/08\/231.jpg","contentUrl":"https:\/\/huzuryildizidanismanlik.com\/wp-content\/uploads\/2022\/08\/231.jpg","width":644,"height":402},{"@type":"BreadcrumbList","@id":"https:\/\/huzuryildizidanismanlik.com\/?page_id=664#breadcrumb","itemListElement":[{"@type":"ListItem","position":1,"name":"Anasayfa","item":"https:\/\/huzuryildizidanismanlik.com\/"},{"@type":"ListItem","position":2,"name":"Oturma izni"}]},{"@type":"WebSite","@id":"https:\/\/huzuryildizidanismanlik.com\/#website","url":"https:\/\/huzuryildizidanismanlik.com\/","name":"Huzur Y\u0131ld\u0131z\u0131 Dan\u0131\u015fmanl\u0131k","description":"Profesyonel Dan\u0131\u015fmanl\u0131k Hizmeti","potentialAction":[{"@type":"SearchAction","target":{"@type":"EntryPoint","urlTemplate":"https:\/\/huzuryildizidanismanlik.com\/?s={search_term_string}"},"query-input":{"@type":"PropertyValueSpecification","valueRequired":true,"valueName":"search_term_string"}}],"inLanguage":"tr"}]}},"_links":{"self":[{"href":"https:\/\/huzuryildizidanismanlik.com\/index.php?rest_route=\/wp\/v2\/pages\/664","targetHints":{"allow":["GET"]}}],"collection":[{"href":"https:\/\/huzuryildizidanismanlik.com\/index.php?rest_route=\/wp\/v2\/pages"}],"about":[{"href":"https:\/\/huzuryildizidanismanlik.com\/index.php?rest_route=\/wp\/v2\/types\/page"}],"author":[{"embeddable":true,"href":"https:\/\/huzuryildizidanismanlik.com\/index.php?rest_route=\/wp\/v2\/users\/1"}],"replies":[{"embeddable":true,"href":"https:\/\/huzuryildizidanismanlik.com\/index.php?rest_route=%2Fwp%2Fv2%2Fcomments&post=664"}],"version-history":[{"count":4,"href":"https:\/\/huzuryildizidanismanlik.com\/index.php?rest_route=\/wp\/v2\/pages\/664\/revisions"}],"predecessor-version":[{"id":668,"href":"https:\/\/huzuryildizidanismanlik.com\/index.php?rest_route=\/wp\/v2\/pages\/664\/revisions\/668"}],"wp:attachment":[{"href":"https:\/\/huzuryildizidanismanlik.com\/index.php?rest_route=%2Fwp%2Fv2%2Fmedia&parent=664"}],"curies":[{"name":"wp","href":"https:\/\/api.w.org\/{rel}","templated":true}]}}