{"id":659,"date":"2022-08-11T10:34:55","date_gmt":"2022-08-11T10:34:55","guid":{"rendered":"https:\/\/huzuryildizidanismanlik.com\/?page_id=659"},"modified":"2022-08-16T09:29:04","modified_gmt":"2022-08-16T09:29:04","slug":"calisma-izni","status":"publish","type":"page","link":"https:\/\/huzuryildizidanismanlik.com\/?page_id=659","title":{"rendered":"Turkuaz kart"},"content":{"rendered":"\t\t<div data-elementor-type=\"wp-post\" data-elementor-id=\"659\" class=\"elementor elementor-659\">\n\t\t\t\t\t\t<section class=\"elementor-section elementor-top-section elementor-element elementor-element-d7d8b56 elementor-section-boxed elementor-section-height-default elementor-section-height-default\" data-id=\"d7d8b56\" data-element_type=\"section\" data-settings=\"{&quot;background_background&quot;:&quot;classic&quot;}\">\n\t\t\t\t\t\t\t<div class=\"elementor-background-overlay\"><\/div>\n\t\t\t\t\t\t\t<div class=\"elementor-container elementor-column-gap-default\">\n\t\t\t\t\t<div class=\"elementor-column elementor-col-100 elementor-top-column elementor-element elementor-element-fd69444\" data-id=\"fd69444\" data-element_type=\"column\">\n\t\t\t<div class=\"elementor-widget-wrap elementor-element-populated\">\n\t\t\t\t\t\t<div class=\"elementor-element elementor-element-abcc2f2 elementor-widget elementor-widget-heading\" data-id=\"abcc2f2\" data-element_type=\"widget\" data-widget_type=\"heading.default\">\n\t\t\t\t<div class=\"elementor-widget-container\">\n\t\t\t\t\t<h1 class=\"elementor-heading-title elementor-size-default\">Turkuaz Kart\n\n<\/h1>\t\t\t\t<\/div>\n\t\t\t\t<\/div>\n\t\t\t\t\t<\/div>\n\t\t<\/div>\n\t\t\t\t\t<\/div>\n\t\t<\/section>\n\t\t\t\t<section class=\"elementor-section elementor-top-section elementor-element elementor-element-5c40d7b elementor-section-boxed elementor-section-height-default elementor-section-height-default\" data-id=\"5c40d7b\" data-element_type=\"section\">\n\t\t\t\t\t\t<div class=\"elementor-container elementor-column-gap-default\">\n\t\t\t\t\t<div class=\"elementor-column elementor-col-100 elementor-top-column elementor-element elementor-element-2ebbf9c\" data-id=\"2ebbf9c\" data-element_type=\"column\">\n\t\t\t<div class=\"elementor-widget-wrap elementor-element-populated\">\n\t\t\t\t\t\t<div class=\"elementor-element elementor-element-fe195c7 elementor-widget elementor-widget-heading\" data-id=\"fe195c7\" data-element_type=\"widget\" data-widget_type=\"heading.default\">\n\t\t\t\t<div class=\"elementor-widget-container\">\n\t\t\t\t\t<h2 class=\"elementor-heading-title elementor-size-default\">T\u00fcrkiye\u2019nin Yeni Turkuaz Kart\u0131 Ba\u015fvurular\u0131 ba\u015flad\u0131 (17.09.2021)\n\n<\/h2>\t\t\t\t<\/div>\n\t\t\t\t<\/div>\n\t\t\t\t<div class=\"elementor-element elementor-element-dc051dd elementor-widget-divider--view-line elementor-widget elementor-widget-divider\" data-id=\"dc051dd\" data-element_type=\"widget\" data-widget_type=\"divider.default\">\n\t\t\t\t<div class=\"elementor-widget-container\">\n\t\t\t\t\t\t\t<div class=\"elementor-divider\">\n\t\t\t<span class=\"elementor-divider-separator\">\n\t\t\t\t\t\t<\/span>\n\t\t<\/div>\n\t\t\t\t\t\t<\/div>\n\t\t\t\t<\/div>\n\t\t\t\t<div class=\"elementor-element elementor-element-e5f497e elementor-widget elementor-widget-text-editor\" data-id=\"e5f497e\" data-element_type=\"widget\" data-widget_type=\"text-editor.default\">\n\t\t\t\t<div class=\"elementor-widget-container\">\n\t\t\t\t\t\t\t\t\t<p>Turkuaz kart; \u00a0Amerika\u2019n\u0131n Green kart\u0131 gibi veya Avrupa Birli\u011finin Mavi kart\u0131 gibi d\u00fc\u015f\u00fcn\u00fclebilir, fakat tam olarak ayn\u0131 de\u011fildir. Green kart gibi sistemler niteli\u011fine bakmas\u0131z\u0131n ucuz ve kalifiyesiz yabanc\u0131 i\u015f g\u00fcc\u00fcn\u00fc kendi \u00fclkelerine \u00e7ekmek i\u00e7in \u00e7al\u0131\u015f\u0131r. T\u00fcrkiye Cumhuriyeti H\u00fck\u00fcmeti ise\u00a0<strong>nitelikli yat\u0131r\u0131mc\u0131 ve\u00a0nitelikli i\u015f g\u00fcc\u00fcn\u00fc<\/strong>\u00a0T\u00fcrkiye\u2019ye \u00e7ekmek i\u00e7in Turkuaz kart sistemini olu\u015fturmu\u015ftur.<\/p><p>Turkuaz kart i\u00e7in ge\u00e7i\u015f s\u00fcreci \u00fc\u00e7 y\u0131ld\u0131r ve bir puanlama sistemi vard\u0131r. \u0130lk \u00fc\u00e7 y\u0131l raporlar\u0131n\u0131 d\u00fczenli verip puanlar\u0131n\u0131 koruyan ve y\u00fckselten yabanc\u0131lar s\u00fcresiz Turkuaz kart sahibi olurlar, bu yabanc\u0131lar +2 y\u0131l sonra T\u00fcrk vatanda\u015fl\u0131\u011f\u0131na ba\u015fvurabilirler, T\u00fcrk vatanda\u015fl\u0131k ba\u015fvurular\u0131n\u0131 bakanlar kurulu onaylar.<\/p><p>Turkuaz kart sahibi olmak isteyen yabanc\u0131lar ilk \u00f6nce T\u00fcrkiye\u2019de ya\u015famaya devam edip etmeyeceklerine karar vermek zorundad\u0131rlar. Bu y\u00fczden T\u00fcrkiye\u2019de kendinize ait bir evinizin olmas\u0131 size Turkuaz kart\u0131n kap\u0131lar\u0131n\u0131 a\u00e7abilir, fakat sadece evinizin olmas\u0131 ge\u00e7i\u015f s\u00fcrecinizin tamamlanmas\u0131na yetmez, Turkuaz kart sahibi yabanc\u0131lar maksimum bir y\u0131l i\u00e7inde \u00e7al\u0131\u015fmaya ba\u015flamas\u0131 gerekmektedir, i\u015f hayat\u0131na dahil olamayan yabanc\u0131lar\u0131n kartlar\u0131 iptal edilir.<\/p><p>T\u00fcrkiye\u2019de resmi olarak \u00e7al\u0131\u015fan yabanc\u0131lar i\u00e7in de b\u00fcy\u00fck bir f\u0131rsat, en az iki y\u0131ld\u0131r T\u00fcrkiye\u2019de \u00e7al\u0131\u015fan yabanc\u0131lar Turkuaz karta ge\u00e7ebilir, s\u00fcresiz \u00e7al\u0131\u015fma ve oturma iznine sahip olabilir, diledi\u011fi i\u015fverenin yan\u0131nda prosed\u00fcrlere bo\u011fulmadan \u00e7al\u0131\u015fabilir veya kendi i\u015fini kurabilir, Askerlik ve oy kullanma haricinde T\u00fcrk vatanda\u015flar\u0131ndan bir fark\u0131 kalmaz. Be\u015f y\u0131ll\u0131k s\u00fcrenin dolmas\u0131yla T\u00fcrk vatanda\u015fl\u0131\u011f\u0131na ba\u015fvurabilir, 18 ya\u015f\u0131ndan k\u00fc\u00e7\u00fck olan \u00e7ocuklar an\u0131nda T\u00fcrk vatanda\u015f\u0131 olabilir, e\u015fi 3 y\u0131l sonra T\u00fcrk vatanda\u015f\u0131 olabilir.<\/p><p>T\u00fcrkiye, bilim insanlar\u0131na her zaman sayg\u0131yla bakm\u0131\u015ft\u0131r, yabanc\u0131 bilim insanlar\u0131n\u0131n Turkuaz kart ba\u015fvurular\u0131 niteliklerine g\u00f6re ayr\u0131 ayr\u0131 de\u011ferlendirilip \u00e7ok k\u0131sa s\u00fcre i\u00e7inde onaylanacakt\u0131r, yine uluslararas\u0131 ba\u015far\u0131lara imza atm\u0131\u015f yabanc\u0131 sporcular sisteme k\u0131sa s\u00fcrede dahil edilecektir.<\/p><p>T\u00fcrkiye\u2019nin tan\u0131t\u0131m\u0131 yapabilecek, T\u00fcrk k\u00fclt\u00fcr\u00fcn\u00fc, T\u00fcrk ahlak\u0131n\u0131, T\u00fcrk mutfa\u011f\u0131n\u0131, turizmini, i\u015f d\u00fcnyas\u0131n\u0131n tan\u0131t\u0131m\u0131n\u0131 d\u00fcnyaya aktarabilecek yabanc\u0131lar da Turkuaz kart sahibi olabilecekler, \u00f6zellikle, yazarlar, \u00a0yaz\u0131l\u0131mc\u0131lar ve giri\u015fimciler i\u00e7in b\u00fcy\u00fck bir f\u0131rsat\u0131n kap\u0131s\u0131 devlet eliyle a\u00e7\u0131lm\u0131\u015f durumundad\u0131r. T\u00fcrkiye\u2019nin tan\u0131t\u0131m\u0131 ile alakal\u0131 projelere b\u00fcy\u00fck devlet destekleri bulunmaktad\u0131r.<\/p><p><b>Turkuaz Kart Ba\u015fvurusu<\/b><\/p><p>\u00d6ncelikle bir konuda uzman m\u0131s\u0131n\u0131z? Veya T\u00fcrkiye de yat\u0131r\u0131m yapabilir misiniz? Cevab\u0131n\u0131z evet ise T\u00fcrkiye i\u00e7inden veya ba\u015fka bir \u00fclkede ki T\u00fcrk b\u00fcy\u00fckel\u00e7ilikleri vas\u0131tas\u0131yla ba\u015fvurunuzu yapabilirsiniz.<\/p><p>Turkuaz Kart Nas\u0131l Al\u0131n\u0131r?<\/p>\t\t\t\t\t\t\t\t<\/div>\n\t\t\t\t<\/div>\n\t\t\t\t\t<\/div>\n\t\t<\/div>\n\t\t\t\t\t<\/div>\n\t\t<\/section>\n\t\t\t\t<section class=\"elementor-section elementor-top-section elementor-element elementor-element-0fd4cc6 elementor-section-boxed elementor-section-height-default elementor-section-height-default\" data-id=\"0fd4cc6\" data-element_type=\"section\">\n\t\t\t\t\t\t<div class=\"elementor-container elementor-column-gap-default\">\n\t\t\t\t\t<div class=\"elementor-column elementor-col-100 elementor-top-column elementor-element elementor-element-b0ce558\" data-id=\"b0ce558\" data-element_type=\"column\">\n\t\t\t<div class=\"elementor-widget-wrap elementor-element-populated\">\n\t\t\t\t\t\t<div class=\"elementor-element elementor-element-eb79cbc elementor-widget elementor-widget-text-editor\" data-id=\"eb79cbc\" data-element_type=\"widget\" data-widget_type=\"text-editor.default\">\n\t\t\t\t<div class=\"elementor-widget-container\">\n\t\t\t\t\t\t\t\t\t<p><strong>Dan\u0131\u015fmanl\u0131k hizmetimizden faydalan\u0131n.<\/strong><\/p><p>Turkuaz kart\u00a0<a href=\"https:\/\/huzuryildizidanismanlik.com\/\" data-wpel-link=\"internal\">dan\u0131\u015fmanl\u0131k<\/a>\u00a0hizmetimiz sayesinde \u00e7ok ekonomik \u00fccretlerle Turkuaz kart ba\u015fvurunuzu yap\u0131yoruz. Ba\u015fvurunuzun onaylanmas\u0131 ve Turkuaz kart program\u0131na al\u0131nman\u0131z durumunda \u00fc\u00e7 y\u0131ll\u0131k Ge\u00e7i\u015f S\u00fcrecinin y\u00f6netimini de biz ger\u00e7ekle\u015ftiriyoruz.<\/p><p>Kendi dilinizde ve T\u00fcrk\u00e7e yaz\u0131lm\u0131\u015f bir s\u00f6zle\u015fme ile bizden alaca\u011f\u0131n\u0131z hizmeti garanti alt\u0131na alman\u0131z\u0131 sa\u011fl\u0131yoruz.<\/p><p>A\u015fa\u011f\u0131daki uygunluk testini doldurun, dan\u0131\u015fmanlar\u0131m\u0131z sizinle ileti\u015fime ge\u00e7sin, Turkuaz kart dan\u0131\u015fmanlar\u0131m\u0131z ile \u0130ngilizce, Frans\u0131zca, Arap\u00e7a ve Rus\u00e7a olarak ileti\u015fim kurabilirsiniz.<\/p>\t\t\t\t\t\t\t\t<\/div>\n\t\t\t\t<\/div>\n\t\t\t\t\t<\/div>\n\t\t<\/div>\n\t\t\t\t\t<\/div>\n\t\t<\/section>\n\t\t\t\t<\/div>\n\t\t","protected":false},"excerpt":{"rendered":"<p>Turkuaz Kart T\u00fcrkiye\u2019nin Yeni Turkuaz Kart\u0131 Ba\u015fvurular\u0131 ba\u015flad\u0131 (17.09.2021) Turkuaz kart; \u00a0Amerika\u2019n\u0131n Green kart\u0131 gibi veya Avrupa Birli\u011finin Mavi kart\u0131 gibi d\u00fc\u015f\u00fcn\u00fclebilir, fakat tam olarak ayn\u0131 de\u011fildir. Green kart gibi sistemler niteli\u011fine bakmas\u0131z\u0131n ucuz ve kalifiyesiz yabanc\u0131 i\u015f g\u00fcc\u00fcn\u00fc kendi \u00fclkelerine \u00e7ekmek i\u00e7in \u00e7al\u0131\u015f\u0131r. T\u00fcrkiye Cumhuriyeti H\u00fck\u00fcmeti ise\u00a0nitelikli yat\u0131r\u0131mc\u0131 ve\u00a0nitelikli i\u015f g\u00fcc\u00fcn\u00fc\u00a0T\u00fcrkiye\u2019ye \u00e7ekmek i\u00e7in Turkuaz [&hellip;]<\/p>\n","protected":false},"author":1,"featured_media":0,"parent":0,"menu_order":0,"comment_status":"closed","ping_status":"closed","template":"","meta":{"site-sidebar-layout":"no-sidebar","site-content-layout":"page-builder","ast-site-content-layout":"","site-content-style":"default","site-sidebar-style":"default","ast-global-header-display":"","ast-banner-title-visibility":"","ast-main-header-display":"","ast-hfb-above-header-display":"","ast-hfb-below-header-display":"","ast-hfb-mobile-header-display":"","site-post-title":"disabled","ast-breadcrumbs-content":"","ast-featured-img":"disabled","footer-sml-layout":"","theme-transparent-header-meta":"enabled","adv-header-id-meta":"","stick-header-meta":"","header-above-stick-meta":"","header-main-stick-meta":"","header-below-stick-meta":"","astra-migrate-meta-layouts":"default","ast-page-background-enabled":"default","ast-page-background-meta":{"desktop":{"background-color":"","background-image":"","background-repeat":"repeat","background-position":"center center","background-size":"auto","background-attachment":"scroll","background-type":"","background-media":"","overlay-type":"","overlay-color":"","overlay-opacity":"","overlay-gradient":""},"tablet":{"background-color":"","background-image":"","background-repeat":"repeat","background-position":"center center","background-size":"auto","background-attachment":"scroll","background-type":"","background-media":"","overlay-type":"","overlay-color":"","overlay-opacity":"","overlay-gradient":""},"mobile":{"background-color":"","background-image":"","background-repeat":"repeat","background-position":"center center","background-size":"auto","background-attachment":"scroll","background-type":"","background-media":"","overlay-type":"","overlay-color":"","overlay-opacity":"","overlay-gradient":""}},"ast-content-background-meta":{"desktop":{"background-color":"var(--ast-global-color-5)","background-image":"","background-repeat":"repeat","background-position":"center center","background-size":"auto","background-attachment":"scroll","background-type":"","background-media":"","overlay-type":"","overlay-color":"","overlay-opacity":"","overlay-gradient":""},"tablet":{"background-color":"var(--ast-global-color-5)","background-image":"","background-repeat":"repeat","background-position":"center center","background-size":"auto","background-attachment":"scroll","background-type":"","background-media":"","overlay-type":"","overlay-color":"","overlay-opacity":"","overlay-gradient":""},"mobile":{"background-color":"var(--ast-global-color-5)","background-image":"","background-repeat":"repeat","background-position":"center center","background-size":"auto","background-attachment":"scroll","background-type":"","background-media":"","overlay-type":"","overlay-color":"","overlay-opacity":"","overlay-gradient":""}},"_joinchat":[],"footnotes":""},"class_list":["post-659","page","type-page","status-publish","hentry"],"yoast_head":"<!-- This site is optimized with the Yoast SEO plugin v24.6 - https:\/\/yoast.com\/wordpress\/plugins\/seo\/ -->\n<title>Turkuaz kart - Huzur Y\u0131ld\u0131z\u0131 Dan\u0131\u015fmanl\u0131k<\/title>\n<meta name=\"robots\" content=\"index, follow, max-snippet:-1, max-image-preview:large, max-video-preview:-1\" \/>\n<link rel=\"canonical\" href=\"https:\/\/huzuryildizidanismanlik.com\/?page_id=659\" \/>\n<meta property=\"og:locale\" content=\"tr_TR\" \/>\n<meta property=\"og:type\" content=\"article\" \/>\n<meta property=\"og:title\" content=\"Turkuaz kart - Huzur Y\u0131ld\u0131z\u0131 Dan\u0131\u015fmanl\u0131k\" \/>\n<meta property=\"og:description\" content=\"Turkuaz Kart T\u00fcrkiye\u2019nin Yeni Turkuaz Kart\u0131 Ba\u015fvurular\u0131 ba\u015flad\u0131 (17.09.2021) Turkuaz kart; \u00a0Amerika\u2019n\u0131n Green kart\u0131 gibi veya Avrupa Birli\u011finin Mavi kart\u0131 gibi d\u00fc\u015f\u00fcn\u00fclebilir, fakat tam olarak ayn\u0131 de\u011fildir. Green kart gibi sistemler niteli\u011fine bakmas\u0131z\u0131n ucuz ve kalifiyesiz yabanc\u0131 i\u015f g\u00fcc\u00fcn\u00fc kendi \u00fclkelerine \u00e7ekmek i\u00e7in \u00e7al\u0131\u015f\u0131r. T\u00fcrkiye Cumhuriyeti H\u00fck\u00fcmeti ise\u00a0nitelikli yat\u0131r\u0131mc\u0131 ve\u00a0nitelikli i\u015f g\u00fcc\u00fcn\u00fc\u00a0T\u00fcrkiye\u2019ye \u00e7ekmek i\u00e7in Turkuaz [&hellip;]\" \/>\n<meta property=\"og:url\" content=\"https:\/\/huzuryildizidanismanlik.com\/?page_id=659\" \/>\n<meta property=\"og:site_name\" content=\"Huzur Y\u0131ld\u0131z\u0131 Dan\u0131\u015fmanl\u0131k\" \/>\n<meta property=\"article:modified_time\" content=\"2022-08-16T09:29:04+00:00\" \/>\n<meta name=\"twitter:card\" content=\"summary_large_image\" \/>\n<meta name=\"twitter:label1\" content=\"Tahmini okuma s\u00fcresi\" \/>\n\t<meta name=\"twitter:data1\" content=\"1 dakika\" \/>\n<script type=\"application\/ld+json\" class=\"yoast-schema-graph\">{\"@context\":\"https:\/\/schema.org\",\"@graph\":[{\"@type\":\"WebPage\",\"@id\":\"https:\/\/huzuryildizidanismanlik.com\/?page_id=659\",\"url\":\"https:\/\/huzuryildizidanismanlik.com\/?page_id=659\",\"name\":\"Turkuaz kart - Huzur Y\u0131ld\u0131z\u0131 Dan\u0131\u015fmanl\u0131k\",\"isPartOf\":{\"@id\":\"https:\/\/huzuryildizidanismanlik.com\/#website\"},\"datePublished\":\"2022-08-11T10:34:55+00:00\",\"dateModified\":\"2022-08-16T09:29:04+00:00\",\"breadcrumb\":{\"@id\":\"https:\/\/huzuryildizidanismanlik.com\/?page_id=659#breadcrumb\"},\"inLanguage\":\"tr\",\"potentialAction\":[{\"@type\":\"ReadAction\",\"target\":[\"https:\/\/huzuryildizidanismanlik.com\/?page_id=659\"]}]},{\"@type\":\"BreadcrumbList\",\"@id\":\"https:\/\/huzuryildizidanismanlik.com\/?page_id=659#breadcrumb\",\"itemListElement\":[{\"@type\":\"ListItem\",\"position\":1,\"name\":\"Anasayfa\",\"item\":\"https:\/\/huzuryildizidanismanlik.com\/\"},{\"@type\":\"ListItem\",\"position\":2,\"name\":\"Turkuaz kart\"}]},{\"@type\":\"WebSite\",\"@id\":\"https:\/\/huzuryildizidanismanlik.com\/#website\",\"url\":\"https:\/\/huzuryildizidanismanlik.com\/\",\"name\":\"Huzur Y\u0131ld\u0131z\u0131 Dan\u0131\u015fmanl\u0131k\",\"description\":\"Profesyonel Dan\u0131\u015fmanl\u0131k Hizmeti\",\"potentialAction\":[{\"@type\":\"SearchAction\",\"target\":{\"@type\":\"EntryPoint\",\"urlTemplate\":\"https:\/\/huzuryildizidanismanlik.com\/?s={search_term_string}\"},\"query-input\":{\"@type\":\"PropertyValueSpecification\",\"valueRequired\":true,\"valueName\":\"search_term_string\"}}],\"inLanguage\":\"tr\"}]}<\/script>\n<!-- \/ Yoast SEO plugin. -->","yoast_head_json":{"title":"Turkuaz kart - Huzur Y\u0131ld\u0131z\u0131 Dan\u0131\u015fmanl\u0131k","robots":{"index":"index","follow":"follow","max-snippet":"max-snippet:-1","max-image-preview":"max-image-preview:large","max-video-preview":"max-video-preview:-1"},"canonical":"https:\/\/huzuryildizidanismanlik.com\/?page_id=659","og_locale":"tr_TR","og_type":"article","og_title":"Turkuaz kart - Huzur Y\u0131ld\u0131z\u0131 Dan\u0131\u015fmanl\u0131k","og_description":"Turkuaz Kart T\u00fcrkiye\u2019nin Yeni Turkuaz Kart\u0131 Ba\u015fvurular\u0131 ba\u015flad\u0131 (17.09.2021) Turkuaz kart; \u00a0Amerika\u2019n\u0131n Green kart\u0131 gibi veya Avrupa Birli\u011finin Mavi kart\u0131 gibi d\u00fc\u015f\u00fcn\u00fclebilir, fakat tam olarak ayn\u0131 de\u011fildir. Green kart gibi sistemler niteli\u011fine bakmas\u0131z\u0131n ucuz ve kalifiyesiz yabanc\u0131 i\u015f g\u00fcc\u00fcn\u00fc kendi \u00fclkelerine \u00e7ekmek i\u00e7in \u00e7al\u0131\u015f\u0131r. T\u00fcrkiye Cumhuriyeti H\u00fck\u00fcmeti ise\u00a0nitelikli yat\u0131r\u0131mc\u0131 ve\u00a0nitelikli i\u015f g\u00fcc\u00fcn\u00fc\u00a0T\u00fcrkiye\u2019ye \u00e7ekmek i\u00e7in Turkuaz [&hellip;]","og_url":"https:\/\/huzuryildizidanismanlik.com\/?page_id=659","og_site_name":"Huzur Y\u0131ld\u0131z\u0131 Dan\u0131\u015fmanl\u0131k","article_modified_time":"2022-08-16T09:29:04+00:00","twitter_card":"summary_large_image","twitter_misc":{"Tahmini okuma s\u00fcresi":"1 dakika"},"schema":{"@context":"https:\/\/schema.org","@graph":[{"@type":"WebPage","@id":"https:\/\/huzuryildizidanismanlik.com\/?page_id=659","url":"https:\/\/huzuryildizidanismanlik.com\/?page_id=659","name":"Turkuaz kart - Huzur Y\u0131ld\u0131z\u0131 Dan\u0131\u015fmanl\u0131k","isPartOf":{"@id":"https:\/\/huzuryildizidanismanlik.com\/#website"},"datePublished":"2022-08-11T10:34:55+00:00","dateModified":"2022-08-16T09:29:04+00:00","breadcrumb":{"@id":"https:\/\/huzuryildizidanismanlik.com\/?page_id=659#breadcrumb"},"inLanguage":"tr","potentialAction":[{"@type":"ReadAction","target":["https:\/\/huzuryildizidanismanlik.com\/?page_id=659"]}]},{"@type":"BreadcrumbList","@id":"https:\/\/huzuryildizidanismanlik.com\/?page_id=659#breadcrumb","itemListElement":[{"@type":"ListItem","position":1,"name":"Anasayfa","item":"https:\/\/huzuryildizidanismanlik.com\/"},{"@type":"ListItem","position":2,"name":"Turkuaz kart"}]},{"@type":"WebSite","@id":"https:\/\/huzuryildizidanismanlik.com\/#website","url":"https:\/\/huzuryildizidanismanlik.com\/","name":"Huzur Y\u0131ld\u0131z\u0131 Dan\u0131\u015fmanl\u0131k","description":"Profesyonel Dan\u0131\u015fmanl\u0131k Hizmeti","potentialAction":[{"@type":"SearchAction","target":{"@type":"EntryPoint","urlTemplate":"https:\/\/huzuryildizidanismanlik.com\/?s={search_term_string}"},"query-input":{"@type":"PropertyValueSpecification","valueRequired":true,"valueName":"search_term_string"}}],"inLanguage":"tr"}]}},"_links":{"self":[{"href":"https:\/\/huzuryildizidanismanlik.com\/index.php?rest_route=\/wp\/v2\/pages\/659","targetHints":{"allow":["GET"]}}],"collection":[{"href":"https:\/\/huzuryildizidanismanlik.com\/index.php?rest_route=\/wp\/v2\/pages"}],"about":[{"href":"https:\/\/huzuryildizidanismanlik.com\/index.php?rest_route=\/wp\/v2\/types\/page"}],"author":[{"embeddable":true,"href":"https:\/\/huzuryildizidanismanlik.com\/index.php?rest_route=\/wp\/v2\/users\/1"}],"replies":[{"embeddable":true,"href":"https:\/\/huzuryildizidanismanlik.com\/index.php?rest_route=%2Fwp%2Fv2%2Fcomments&post=659"}],"version-history":[{"count":8,"href":"https:\/\/huzuryildizidanismanlik.com\/index.php?rest_route=\/wp\/v2\/pages\/659\/revisions"}],"predecessor-version":[{"id":675,"href":"https:\/\/huzuryildizidanismanlik.com\/index.php?rest_route=\/wp\/v2\/pages\/659\/revisions\/675"}],"wp:attachment":[{"href":"https:\/\/huzuryildizidanismanlik.com\/index.php?rest_route=%2Fwp%2Fv2%2Fmedia&parent=659"}],"curies":[{"name":"wp","href":"https:\/\/api.w.org\/{rel}","templated":true}]}}