{"id":543,"date":"2018-11-27T09:17:42","date_gmt":"2018-11-27T09:17:42","guid":{"rendered":"https:\/\/huzuryildizidanismanlik.com\/?page_id=543"},"modified":"2022-08-18T14:31:44","modified_gmt":"2022-08-18T14:31:44","slug":"projects","status":"publish","type":"page","link":"https:\/\/huzuryildizidanismanlik.com\/?page_id=543","title":{"rendered":"Hizmetlerimiz"},"content":{"rendered":"\t\t<div data-elementor-type=\"wp-post\" data-elementor-id=\"543\" class=\"elementor elementor-543\">\n\t\t\t\t\t\t<section class=\"elementor-section elementor-top-section elementor-element elementor-element-7ac9ca5 elementor-section-boxed elementor-section-height-default elementor-section-height-default\" data-id=\"7ac9ca5\" data-element_type=\"section\" data-settings=\"{&quot;background_background&quot;:&quot;classic&quot;}\">\n\t\t\t\t\t\t\t<div class=\"elementor-background-overlay\"><\/div>\n\t\t\t\t\t\t\t<div class=\"elementor-container elementor-column-gap-default\">\n\t\t\t\t\t<div class=\"elementor-column elementor-col-100 elementor-top-column elementor-element elementor-element-90988fe\" data-id=\"90988fe\" data-element_type=\"column\">\n\t\t\t<div class=\"elementor-widget-wrap elementor-element-populated\">\n\t\t\t\t\t\t<div class=\"elementor-element elementor-element-4a1c612 elementor-widget elementor-widget-heading\" data-id=\"4a1c612\" data-element_type=\"widget\" data-widget_type=\"heading.default\">\n\t\t\t\t<div class=\"elementor-widget-container\">\n\t\t\t\t\t<h1 class=\"elementor-heading-title elementor-size-default\">Hizmetlerimiz<\/h1>\t\t\t\t<\/div>\n\t\t\t\t<\/div>\n\t\t\t\t\t<\/div>\n\t\t<\/div>\n\t\t\t\t\t<\/div>\n\t\t<\/section>\n\t\t\t\t<section class=\"elementor-section elementor-top-section elementor-element elementor-element-58de6eb elementor-section-boxed elementor-section-height-default elementor-section-height-default\" data-id=\"58de6eb\" data-element_type=\"section\">\n\t\t\t\t\t\t<div class=\"elementor-container elementor-column-gap-default\">\n\t\t\t\t\t<div class=\"elementor-column elementor-col-100 elementor-top-column elementor-element elementor-element-dd30cb3\" data-id=\"dd30cb3\" data-element_type=\"column\">\n\t\t\t<div class=\"elementor-widget-wrap\">\n\t\t\t\t\t\t\t<\/div>\n\t\t<\/div>\n\t\t\t\t\t<\/div>\n\t\t<\/section>\n\t\t\t\t<section class=\"elementor-section elementor-top-section elementor-element elementor-element-02570c4 elementor-section-boxed elementor-section-height-default elementor-section-height-default\" data-id=\"02570c4\" data-element_type=\"section\">\n\t\t\t\t\t\t<div class=\"elementor-container elementor-column-gap-default\">\n\t\t\t\t\t<div class=\"elementor-column elementor-col-100 elementor-top-column elementor-element elementor-element-d53c5f7\" data-id=\"d53c5f7\" data-element_type=\"column\">\n\t\t\t<div class=\"elementor-widget-wrap elementor-element-populated\">\n\t\t\t\t\t\t<div class=\"elementor-element elementor-element-c646b62 elementor-widget elementor-widget-heading\" data-id=\"c646b62\" data-element_type=\"widget\" data-widget_type=\"heading.default\">\n\t\t\t\t<div class=\"elementor-widget-container\">\n\t\t\t\t\t<h2 class=\"elementor-heading-title elementor-size-default\">Hizmetlerimiz<\/h2>\t\t\t\t<\/div>\n\t\t\t\t<\/div>\n\t\t\t\t<div class=\"elementor-element elementor-element-adb3c97 elementor-widget-divider--view-line elementor-widget elementor-widget-divider\" data-id=\"adb3c97\" data-element_type=\"widget\" data-widget_type=\"divider.default\">\n\t\t\t\t<div class=\"elementor-widget-container\">\n\t\t\t\t\t\t\t<div class=\"elementor-divider\">\n\t\t\t<span class=\"elementor-divider-separator\">\n\t\t\t\t\t\t<\/span>\n\t\t<\/div>\n\t\t\t\t\t\t<\/div>\n\t\t\t\t<\/div>\n\t\t\t\t<section class=\"elementor-section elementor-inner-section elementor-element elementor-element-e5fb771 elementor-section-boxed elementor-section-height-default elementor-section-height-default\" data-id=\"e5fb771\" data-element_type=\"section\">\n\t\t\t\t\t\t<div class=\"elementor-container elementor-column-gap-default\">\n\t\t\t\t\t<div class=\"elementor-column elementor-col-50 elementor-inner-column elementor-element elementor-element-8b787f8\" data-id=\"8b787f8\" data-element_type=\"column\">\n\t\t\t<div class=\"elementor-widget-wrap elementor-element-populated\">\n\t\t\t\t\t\t<div class=\"elementor-element elementor-element-7991162 elementor-widget elementor-widget-image\" data-id=\"7991162\" data-element_type=\"widget\" data-widget_type=\"image.default\">\n\t\t\t\t<div class=\"elementor-widget-container\">\n\t\t\t\t\t\t\t\t\t\t\t\t\t\t\t<img fetchpriority=\"high\" decoding=\"async\" width=\"644\" height=\"402\" src=\"https:\/\/huzuryildizidanismanlik.com\/wp-content\/uploads\/2022\/08\/danismanlik-hizmetiii.jpg\" class=\"attachment-full size-full wp-image-573\" alt=\"\" srcset=\"https:\/\/huzuryildizidanismanlik.com\/wp-content\/uploads\/2022\/08\/danismanlik-hizmetiii.jpg 644w, https:\/\/huzuryildizidanismanlik.com\/wp-content\/uploads\/2022\/08\/danismanlik-hizmetiii-300x187.jpg 300w\" sizes=\"(max-width: 644px) 100vw, 644px\" \/>\t\t\t\t\t\t\t\t\t\t\t\t\t\t\t<\/div>\n\t\t\t\t<\/div>\n\t\t\t\t<div class=\"elementor-element elementor-element-b28a0e8 elementor-widget elementor-widget-image-box\" data-id=\"b28a0e8\" data-element_type=\"widget\" data-widget_type=\"image-box.default\">\n\t\t\t\t<div class=\"elementor-widget-container\">\n\t\t\t\t\t<div class=\"elementor-image-box-wrapper\"><div class=\"elementor-image-box-content\"><h5 class=\"elementor-image-box-title\">\u00c7al\u0131\u015fma \u0130zni<\/h5><p class=\"elementor-image-box-description\">Yabanc\u0131lara \u00e7al\u0131\u015fma izni dan\u0131\u015fmanl\u0131\u011f\u0131nda tercih edilen 1. firmay\u0131z.      <\/p><\/div><\/div>\t\t\t\t<\/div>\n\t\t\t\t<\/div>\n\t\t\t\t<div class=\"elementor-element elementor-element-919e88b elementor-align-center elementor-widget elementor-widget-button\" data-id=\"919e88b\" data-element_type=\"widget\" data-widget_type=\"button.default\">\n\t\t\t\t<div class=\"elementor-widget-container\">\n\t\t\t\t\t\t\t\t\t<div class=\"elementor-button-wrapper\">\n\t\t\t\t\t<a class=\"elementor-button elementor-button-link elementor-size-sm\" href=\"https:\/\/huzuryildizidanismanlik.com\/?page_id=695\">\n\t\t\t\t\t\t<span class=\"elementor-button-content-wrapper\">\n\t\t\t\t\t\t<span class=\"elementor-button-icon\">\n\t\t\t\t<i aria-hidden=\"true\" class=\"fas fa-long-arrow-alt-right\"><\/i>\t\t\t<\/span>\n\t\t\t\t\t\t\t\t\t<span class=\"elementor-button-text\">\u0130ncele<\/span>\n\t\t\t\t\t<\/span>\n\t\t\t\t\t<\/a>\n\t\t\t\t<\/div>\n\t\t\t\t\t\t\t\t<\/div>\n\t\t\t\t<\/div>\n\t\t\t\t\t<\/div>\n\t\t<\/div>\n\t\t\t\t<div class=\"elementor-column elementor-col-50 elementor-inner-column elementor-element elementor-element-e5cecb8\" data-id=\"e5cecb8\" data-element_type=\"column\">\n\t\t\t<div class=\"elementor-widget-wrap elementor-element-populated\">\n\t\t\t\t\t\t<div class=\"elementor-element elementor-element-b02dc38 elementor-widget elementor-widget-image\" data-id=\"b02dc38\" data-element_type=\"widget\" data-widget_type=\"image.default\">\n\t\t\t\t<div class=\"elementor-widget-container\">\n\t\t\t\t\t\t\t\t\t\t\t\t\t\t\t<img decoding=\"async\" width=\"644\" height=\"402\" src=\"https:\/\/huzuryildizidanismanlik.com\/wp-content\/uploads\/2022\/08\/513123.jpg\" class=\"attachment-full size-full wp-image-577\" alt=\"\" srcset=\"https:\/\/huzuryildizidanismanlik.com\/wp-content\/uploads\/2022\/08\/513123.jpg 644w, https:\/\/huzuryildizidanismanlik.com\/wp-content\/uploads\/2022\/08\/513123-300x187.jpg 300w\" sizes=\"(max-width: 644px) 100vw, 644px\" \/>\t\t\t\t\t\t\t\t\t\t\t\t\t\t\t<\/div>\n\t\t\t\t<\/div>\n\t\t\t\t<div class=\"elementor-element elementor-element-40134a2 elementor-widget elementor-widget-image-box\" data-id=\"40134a2\" data-element_type=\"widget\" data-widget_type=\"image-box.default\">\n\t\t\t\t<div class=\"elementor-widget-container\">\n\t\t\t\t\t<div class=\"elementor-image-box-wrapper\"><div class=\"elementor-image-box-content\"><h5 class=\"elementor-image-box-title\">Oturma \u0130zni<\/h5><p class=\"elementor-image-box-description\">Aile , \u00d6\u011frenci , daimi v.b. T\u00fcrkiye'de t\u00fcm oturma izinlerine dair dan\u0131\u015fmanl\u0131k hizmeti vermekteyiz.<\/p><\/div><\/div>\t\t\t\t<\/div>\n\t\t\t\t<\/div>\n\t\t\t\t<div class=\"elementor-element elementor-element-215821a elementor-align-center elementor-widget elementor-widget-button\" data-id=\"215821a\" data-element_type=\"widget\" data-widget_type=\"button.default\">\n\t\t\t\t<div class=\"elementor-widget-container\">\n\t\t\t\t\t\t\t\t\t<div class=\"elementor-button-wrapper\">\n\t\t\t\t\t<a class=\"elementor-button elementor-button-link elementor-size-sm\" href=\"https:\/\/huzuryildizidanismanlik.com\/?page_id=664\">\n\t\t\t\t\t\t<span class=\"elementor-button-content-wrapper\">\n\t\t\t\t\t\t<span class=\"elementor-button-icon\">\n\t\t\t\t<i aria-hidden=\"true\" class=\"fas fa-long-arrow-alt-right\"><\/i>\t\t\t<\/span>\n\t\t\t\t\t\t\t\t\t<span class=\"elementor-button-text\">\u0130ncele<\/span>\n\t\t\t\t\t<\/span>\n\t\t\t\t\t<\/a>\n\t\t\t\t<\/div>\n\t\t\t\t\t\t\t\t<\/div>\n\t\t\t\t<\/div>\n\t\t\t\t\t<\/div>\n\t\t<\/div>\n\t\t\t\t\t<\/div>\n\t\t<\/section>\n\t\t\t\t<section class=\"elementor-section elementor-inner-section elementor-element elementor-element-0d1e2ed elementor-section-boxed elementor-section-height-default elementor-section-height-default\" data-id=\"0d1e2ed\" data-element_type=\"section\">\n\t\t\t\t\t\t<div class=\"elementor-container elementor-column-gap-default\">\n\t\t\t\t\t<div class=\"elementor-column elementor-col-50 elementor-inner-column elementor-element elementor-element-d03c2ff\" data-id=\"d03c2ff\" data-element_type=\"column\">\n\t\t\t<div class=\"elementor-widget-wrap elementor-element-populated\">\n\t\t\t\t\t\t<div class=\"elementor-element elementor-element-e385c87 elementor-widget elementor-widget-image\" data-id=\"e385c87\" data-element_type=\"widget\" data-widget_type=\"image.default\">\n\t\t\t\t<div class=\"elementor-widget-container\">\n\t\t\t\t\t\t\t\t\t\t\t\t\t\t\t<img decoding=\"async\" width=\"644\" height=\"402\" src=\"https:\/\/huzuryildizidanismanlik.com\/wp-content\/uploads\/2022\/08\/1234123.jpg\" class=\"attachment-full size-full wp-image-581\" alt=\"\" srcset=\"https:\/\/huzuryildizidanismanlik.com\/wp-content\/uploads\/2022\/08\/1234123.jpg 644w, https:\/\/huzuryildizidanismanlik.com\/wp-content\/uploads\/2022\/08\/1234123-300x187.jpg 300w\" sizes=\"(max-width: 644px) 100vw, 644px\" \/>\t\t\t\t\t\t\t\t\t\t\t\t\t\t\t<\/div>\n\t\t\t\t<\/div>\n\t\t\t\t<div class=\"elementor-element elementor-element-1d6b0e5 elementor-widget elementor-widget-image-box\" data-id=\"1d6b0e5\" data-element_type=\"widget\" data-widget_type=\"image-box.default\">\n\t\t\t\t<div class=\"elementor-widget-container\">\n\t\t\t\t\t<div class=\"elementor-image-box-wrapper\"><div class=\"elementor-image-box-content\"><h5 class=\"elementor-image-box-title\">Turkuaz Kart<\/h5><p class=\"elementor-image-box-description\">Turkuaz Kart ba\u015fvurunuzu yaparken nelere dikkat etmelisiniz?Pros\u00fcd\u00fcrleri bize b\u0131rak\u0131n<\/p><\/div><\/div>\t\t\t\t<\/div>\n\t\t\t\t<\/div>\n\t\t\t\t<div class=\"elementor-element elementor-element-4ccedb6 elementor-align-center elementor-widget elementor-widget-button\" data-id=\"4ccedb6\" data-element_type=\"widget\" data-widget_type=\"button.default\">\n\t\t\t\t<div class=\"elementor-widget-container\">\n\t\t\t\t\t\t\t\t\t<div class=\"elementor-button-wrapper\">\n\t\t\t\t\t<a class=\"elementor-button elementor-button-link elementor-size-sm\" href=\"https:\/\/huzuryildizidanismanlik.com\/?page_id=659\">\n\t\t\t\t\t\t<span class=\"elementor-button-content-wrapper\">\n\t\t\t\t\t\t<span class=\"elementor-button-icon\">\n\t\t\t\t<i aria-hidden=\"true\" class=\"fas fa-long-arrow-alt-right\"><\/i>\t\t\t<\/span>\n\t\t\t\t\t\t\t\t\t<span class=\"elementor-button-text\">\u0130ncele<\/span>\n\t\t\t\t\t<\/span>\n\t\t\t\t\t<\/a>\n\t\t\t\t<\/div>\n\t\t\t\t\t\t\t\t<\/div>\n\t\t\t\t<\/div>\n\t\t\t\t\t<\/div>\n\t\t<\/div>\n\t\t\t\t<div class=\"elementor-column elementor-col-50 elementor-inner-column elementor-element elementor-element-1aae4a9\" data-id=\"1aae4a9\" data-element_type=\"column\">\n\t\t\t<div class=\"elementor-widget-wrap elementor-element-populated\">\n\t\t\t\t\t\t<div class=\"elementor-element elementor-element-a43397e elementor-widget elementor-widget-image\" data-id=\"a43397e\" data-element_type=\"widget\" data-widget_type=\"image.default\">\n\t\t\t\t<div class=\"elementor-widget-container\">\n\t\t\t\t\t\t\t\t\t\t\t\t\t\t\t<img loading=\"lazy\" decoding=\"async\" width=\"644\" height=\"402\" src=\"https:\/\/huzuryildizidanismanlik.com\/wp-content\/uploads\/2022\/08\/51231.jpg\" class=\"attachment-full size-full wp-image-585\" alt=\"\" srcset=\"https:\/\/huzuryildizidanismanlik.com\/wp-content\/uploads\/2022\/08\/51231.jpg 644w, https:\/\/huzuryildizidanismanlik.com\/wp-content\/uploads\/2022\/08\/51231-300x187.jpg 300w\" sizes=\"(max-width: 644px) 100vw, 644px\" \/>\t\t\t\t\t\t\t\t\t\t\t\t\t\t\t<\/div>\n\t\t\t\t<\/div>\n\t\t\t\t<div class=\"elementor-element elementor-element-42eeeff elementor-widget elementor-widget-image-box\" data-id=\"42eeeff\" data-element_type=\"widget\" data-widget_type=\"image-box.default\">\n\t\t\t\t<div class=\"elementor-widget-container\">\n\t\t\t\t\t<div class=\"elementor-image-box-wrapper\"><div class=\"elementor-image-box-content\"><h5 class=\"elementor-image-box-title\">T\u00fcrk Vatanda\u015fl\u0131\u011f\u0131<\/h5><p class=\"elementor-image-box-description\">Yat\u0131r\u0131m , istihdam , evlilik v.b. y\u00f6ntemlerle T\u00fcrk vatanda\u015fl\u0131\u011f\u0131 kazan\u0131m\u0131nda prosed\u00fcrlerle u\u011fra\u015fmay\u0131n. Uzmanl\u0131\u011f\u0131m\u0131za g\u00fcvenin.<\/p><\/div><\/div>\t\t\t\t<\/div>\n\t\t\t\t<\/div>\n\t\t\t\t<div class=\"elementor-element elementor-element-8173cec elementor-align-center elementor-widget elementor-widget-button\" data-id=\"8173cec\" data-element_type=\"widget\" data-widget_type=\"button.default\">\n\t\t\t\t<div class=\"elementor-widget-container\">\n\t\t\t\t\t\t\t\t\t<div class=\"elementor-button-wrapper\">\n\t\t\t\t\t<a class=\"elementor-button elementor-button-link elementor-size-sm\" href=\"https:\/\/huzuryildizidanismanlik.com\/?page_id=676\">\n\t\t\t\t\t\t<span class=\"elementor-button-content-wrapper\">\n\t\t\t\t\t\t<span class=\"elementor-button-icon\">\n\t\t\t\t<i aria-hidden=\"true\" class=\"fas fa-long-arrow-alt-right\"><\/i>\t\t\t<\/span>\n\t\t\t\t\t\t\t\t\t<span class=\"elementor-button-text\">\u0130ncele<\/span>\n\t\t\t\t\t<\/span>\n\t\t\t\t\t<\/a>\n\t\t\t\t<\/div>\n\t\t\t\t\t\t\t\t<\/div>\n\t\t\t\t<\/div>\n\t\t\t\t\t<\/div>\n\t\t<\/div>\n\t\t\t\t\t<\/div>\n\t\t<\/section>\n\t\t\t\t\t<\/div>\n\t\t<\/div>\n\t\t\t\t\t<\/div>\n\t\t<\/section>\n\t\t\t\t<\/div>\n\t\t","protected":false},"excerpt":{"rendered":"<p>Hizmetlerimiz Hizmetlerimiz \u00c7al\u0131\u015fma \u0130zni Yabanc\u0131lara \u00e7al\u0131\u015fma izni dan\u0131\u015fmanl\u0131\u011f\u0131nda tercih edilen 1. firmay\u0131z. \u0130ncele Oturma \u0130zni Aile , \u00d6\u011frenci , daimi v.b. T\u00fcrkiye&#8217;de t\u00fcm oturma izinlerine dair dan\u0131\u015fmanl\u0131k hizmeti vermekteyiz. \u0130ncele Turkuaz Kart Turkuaz Kart ba\u015fvurunuzu yaparken nelere dikkat etmelisiniz?Pros\u00fcd\u00fcrleri bize b\u0131rak\u0131n \u0130ncele T\u00fcrk Vatanda\u015fl\u0131\u011f\u0131 Yat\u0131r\u0131m , istihdam , evlilik v.b. y\u00f6ntemlerle T\u00fcrk vatanda\u015fl\u0131\u011f\u0131 kazan\u0131m\u0131nda prosed\u00fcrlerle [&hellip;]<\/p>\n","protected":false},"author":1,"featured_media":0,"parent":0,"menu_order":0,"comment_status":"closed","ping_status":"closed","template":"","meta":{"site-sidebar-layout":"no-sidebar","site-content-layout":"page-builder","ast-site-content-layout":"","site-content-style":"default","site-sidebar-style":"default","ast-global-header-display":"","ast-banner-title-visibility":"","ast-main-header-display":"","ast-hfb-above-header-display":"","ast-hfb-below-header-display":"","ast-hfb-mobile-header-display":"","site-post-title":"disabled","ast-breadcrumbs-content":"","ast-featured-img":"disabled","footer-sml-layout":"","theme-transparent-header-meta":"enabled","adv-header-id-meta":"","stick-header-meta":"","header-above-stick-meta":"","header-main-stick-meta":"","header-below-stick-meta":"","astra-migrate-meta-layouts":"default","ast-page-background-enabled":"default","ast-page-background-meta":{"desktop":{"background-color":"","background-image":"","background-repeat":"repeat","background-position":"center center","background-size":"auto","background-attachment":"scroll","background-type":"","background-media":"","overlay-type":"","overlay-color":"","overlay-opacity":"","overlay-gradient":""},"tablet":{"background-color":"","background-image":"","background-repeat":"repeat","background-position":"center center","background-size":"auto","background-attachment":"scroll","background-type":"","background-media":"","overlay-type":"","overlay-color":"","overlay-opacity":"","overlay-gradient":""},"mobile":{"background-color":"","background-image":"","background-repeat":"repeat","background-position":"center center","background-size":"auto","background-attachment":"scroll","background-type":"","background-media":"","overlay-type":"","overlay-color":"","overlay-opacity":"","overlay-gradient":""}},"ast-content-background-meta":{"desktop":{"background-color":"var(--ast-global-color-5)","background-image":"","background-repeat":"repeat","background-position":"center center","background-size":"auto","background-attachment":"scroll","background-type":"","background-media":"","overlay-type":"","overlay-color":"","overlay-opacity":"","overlay-gradient":""},"tablet":{"background-color":"var(--ast-global-color-5)","background-image":"","background-repeat":"repeat","background-position":"center center","background-size":"auto","background-attachment":"scroll","background-type":"","background-media":"","overlay-type":"","overlay-color":"","overlay-opacity":"","overlay-gradient":""},"mobile":{"background-color":"var(--ast-global-color-5)","background-image":"","background-repeat":"repeat","background-position":"center center","background-size":"auto","background-attachment":"scroll","background-type":"","background-media":"","overlay-type":"","overlay-color":"","overlay-opacity":"","overlay-gradient":""}},"_joinchat":[],"footnotes":""},"class_list":["post-543","page","type-page","status-publish","hentry"],"yoast_head":"<!-- This site is optimized with the Yoast SEO plugin v24.6 - https:\/\/yoast.com\/wordpress\/plugins\/seo\/ -->\n<title>Hizmetlerimiz - Huzur Y\u0131ld\u0131z\u0131 Dan\u0131\u015fmanl\u0131k<\/title>\n<meta name=\"robots\" content=\"index, follow, max-snippet:-1, max-image-preview:large, max-video-preview:-1\" \/>\n<link rel=\"canonical\" href=\"https:\/\/huzuryildizidanismanlik.com\/?page_id=543\" \/>\n<meta property=\"og:locale\" content=\"tr_TR\" \/>\n<meta property=\"og:type\" content=\"article\" \/>\n<meta property=\"og:title\" content=\"Hizmetlerimiz - Huzur Y\u0131ld\u0131z\u0131 Dan\u0131\u015fmanl\u0131k\" \/>\n<meta property=\"og:description\" content=\"Hizmetlerimiz Hizmetlerimiz \u00c7al\u0131\u015fma \u0130zni Yabanc\u0131lara \u00e7al\u0131\u015fma izni dan\u0131\u015fmanl\u0131\u011f\u0131nda tercih edilen 1. firmay\u0131z. \u0130ncele Oturma \u0130zni Aile , \u00d6\u011frenci , daimi v.b. T\u00fcrkiye&#8217;de t\u00fcm oturma izinlerine dair dan\u0131\u015fmanl\u0131k hizmeti vermekteyiz. \u0130ncele Turkuaz Kart Turkuaz Kart ba\u015fvurunuzu yaparken nelere dikkat etmelisiniz?Pros\u00fcd\u00fcrleri bize b\u0131rak\u0131n \u0130ncele T\u00fcrk Vatanda\u015fl\u0131\u011f\u0131 Yat\u0131r\u0131m , istihdam , evlilik v.b. y\u00f6ntemlerle T\u00fcrk vatanda\u015fl\u0131\u011f\u0131 kazan\u0131m\u0131nda prosed\u00fcrlerle [&hellip;]\" \/>\n<meta property=\"og:url\" content=\"https:\/\/huzuryildizidanismanlik.com\/?page_id=543\" \/>\n<meta property=\"og:site_name\" content=\"Huzur Y\u0131ld\u0131z\u0131 Dan\u0131\u015fmanl\u0131k\" \/>\n<meta property=\"article:modified_time\" content=\"2022-08-18T14:31:44+00:00\" \/>\n<meta property=\"og:image\" content=\"https:\/\/huzuryildizidanismanlik.com\/wp-content\/uploads\/2022\/08\/danismanlik-hizmetiii.jpg\" \/>\n<meta name=\"twitter:card\" content=\"summary_large_image\" \/>\n<meta name=\"twitter:label1\" content=\"Tahmini okuma s\u00fcresi\" \/>\n\t<meta name=\"twitter:data1\" content=\"2 dakika\" \/>\n<script type=\"application\/ld+json\" class=\"yoast-schema-graph\">{\"@context\":\"https:\/\/schema.org\",\"@graph\":[{\"@type\":\"WebPage\",\"@id\":\"https:\/\/huzuryildizidanismanlik.com\/?page_id=543\",\"url\":\"https:\/\/huzuryildizidanismanlik.com\/?page_id=543\",\"name\":\"Hizmetlerimiz - Huzur Y\u0131ld\u0131z\u0131 Dan\u0131\u015fmanl\u0131k\",\"isPartOf\":{\"@id\":\"https:\/\/huzuryildizidanismanlik.com\/#website\"},\"primaryImageOfPage\":{\"@id\":\"https:\/\/huzuryildizidanismanlik.com\/?page_id=543#primaryimage\"},\"image\":{\"@id\":\"https:\/\/huzuryildizidanismanlik.com\/?page_id=543#primaryimage\"},\"thumbnailUrl\":\"https:\/\/huzuryildizidanismanlik.com\/wp-content\/uploads\/2022\/08\/danismanlik-hizmetiii.jpg\",\"datePublished\":\"2018-11-27T09:17:42+00:00\",\"dateModified\":\"2022-08-18T14:31:44+00:00\",\"breadcrumb\":{\"@id\":\"https:\/\/huzuryildizidanismanlik.com\/?page_id=543#breadcrumb\"},\"inLanguage\":\"tr\",\"potentialAction\":[{\"@type\":\"ReadAction\",\"target\":[\"https:\/\/huzuryildizidanismanlik.com\/?page_id=543\"]}]},{\"@type\":\"ImageObject\",\"inLanguage\":\"tr\",\"@id\":\"https:\/\/huzuryildizidanismanlik.com\/?page_id=543#primaryimage\",\"url\":\"https:\/\/huzuryildizidanismanlik.com\/wp-content\/uploads\/2022\/08\/danismanlik-hizmetiii.jpg\",\"contentUrl\":\"https:\/\/huzuryildizidanismanlik.com\/wp-content\/uploads\/2022\/08\/danismanlik-hizmetiii.jpg\",\"width\":644,\"height\":402},{\"@type\":\"BreadcrumbList\",\"@id\":\"https:\/\/huzuryildizidanismanlik.com\/?page_id=543#breadcrumb\",\"itemListElement\":[{\"@type\":\"ListItem\",\"position\":1,\"name\":\"Anasayfa\",\"item\":\"https:\/\/huzuryildizidanismanlik.com\/\"},{\"@type\":\"ListItem\",\"position\":2,\"name\":\"Hizmetlerimiz\"}]},{\"@type\":\"WebSite\",\"@id\":\"https:\/\/huzuryildizidanismanlik.com\/#website\",\"url\":\"https:\/\/huzuryildizidanismanlik.com\/\",\"name\":\"Huzur Y\u0131ld\u0131z\u0131 Dan\u0131\u015fmanl\u0131k\",\"description\":\"Profesyonel Dan\u0131\u015fmanl\u0131k Hizmeti\",\"potentialAction\":[{\"@type\":\"SearchAction\",\"target\":{\"@type\":\"EntryPoint\",\"urlTemplate\":\"https:\/\/huzuryildizidanismanlik.com\/?s={search_term_string}\"},\"query-input\":{\"@type\":\"PropertyValueSpecification\",\"valueRequired\":true,\"valueName\":\"search_term_string\"}}],\"inLanguage\":\"tr\"}]}<\/script>\n<!-- \/ Yoast SEO plugin. -->","yoast_head_json":{"title":"Hizmetlerimiz - Huzur Y\u0131ld\u0131z\u0131 Dan\u0131\u015fmanl\u0131k","robots":{"index":"index","follow":"follow","max-snippet":"max-snippet:-1","max-image-preview":"max-image-preview:large","max-video-preview":"max-video-preview:-1"},"canonical":"https:\/\/huzuryildizidanismanlik.com\/?page_id=543","og_locale":"tr_TR","og_type":"article","og_title":"Hizmetlerimiz - Huzur Y\u0131ld\u0131z\u0131 Dan\u0131\u015fmanl\u0131k","og_description":"Hizmetlerimiz Hizmetlerimiz \u00c7al\u0131\u015fma \u0130zni Yabanc\u0131lara \u00e7al\u0131\u015fma izni dan\u0131\u015fmanl\u0131\u011f\u0131nda tercih edilen 1. firmay\u0131z. \u0130ncele Oturma \u0130zni Aile , \u00d6\u011frenci , daimi v.b. T\u00fcrkiye&#8217;de t\u00fcm oturma izinlerine dair dan\u0131\u015fmanl\u0131k hizmeti vermekteyiz. \u0130ncele Turkuaz Kart Turkuaz Kart ba\u015fvurunuzu yaparken nelere dikkat etmelisiniz?Pros\u00fcd\u00fcrleri bize b\u0131rak\u0131n \u0130ncele T\u00fcrk Vatanda\u015fl\u0131\u011f\u0131 Yat\u0131r\u0131m , istihdam , evlilik v.b. y\u00f6ntemlerle T\u00fcrk vatanda\u015fl\u0131\u011f\u0131 kazan\u0131m\u0131nda prosed\u00fcrlerle [&hellip;]","og_url":"https:\/\/huzuryildizidanismanlik.com\/?page_id=543","og_site_name":"Huzur Y\u0131ld\u0131z\u0131 Dan\u0131\u015fmanl\u0131k","article_modified_time":"2022-08-18T14:31:44+00:00","og_image":[{"url":"https:\/\/huzuryildizidanismanlik.com\/wp-content\/uploads\/2022\/08\/danismanlik-hizmetiii.jpg","type":"","width":"","height":""}],"twitter_card":"summary_large_image","twitter_misc":{"Tahmini okuma s\u00fcresi":"2 dakika"},"schema":{"@context":"https:\/\/schema.org","@graph":[{"@type":"WebPage","@id":"https:\/\/huzuryildizidanismanlik.com\/?page_id=543","url":"https:\/\/huzuryildizidanismanlik.com\/?page_id=543","name":"Hizmetlerimiz - Huzur Y\u0131ld\u0131z\u0131 Dan\u0131\u015fmanl\u0131k","isPartOf":{"@id":"https:\/\/huzuryildizidanismanlik.com\/#website"},"primaryImageOfPage":{"@id":"https:\/\/huzuryildizidanismanlik.com\/?page_id=543#primaryimage"},"image":{"@id":"https:\/\/huzuryildizidanismanlik.com\/?page_id=543#primaryimage"},"thumbnailUrl":"https:\/\/huzuryildizidanismanlik.com\/wp-content\/uploads\/2022\/08\/danismanlik-hizmetiii.jpg","datePublished":"2018-11-27T09:17:42+00:00","dateModified":"2022-08-18T14:31:44+00:00","breadcrumb":{"@id":"https:\/\/huzuryildizidanismanlik.com\/?page_id=543#breadcrumb"},"inLanguage":"tr","potentialAction":[{"@type":"ReadAction","target":["https:\/\/huzuryildizidanismanlik.com\/?page_id=543"]}]},{"@type":"ImageObject","inLanguage":"tr","@id":"https:\/\/huzuryildizidanismanlik.com\/?page_id=543#primaryimage","url":"https:\/\/huzuryildizidanismanlik.com\/wp-content\/uploads\/2022\/08\/danismanlik-hizmetiii.jpg","contentUrl":"https:\/\/huzuryildizidanismanlik.com\/wp-content\/uploads\/2022\/08\/danismanlik-hizmetiii.jpg","width":644,"height":402},{"@type":"BreadcrumbList","@id":"https:\/\/huzuryildizidanismanlik.com\/?page_id=543#breadcrumb","itemListElement":[{"@type":"ListItem","position":1,"name":"Anasayfa","item":"https:\/\/huzuryildizidanismanlik.com\/"},{"@type":"ListItem","position":2,"name":"Hizmetlerimiz"}]},{"@type":"WebSite","@id":"https:\/\/huzuryildizidanismanlik.com\/#website","url":"https:\/\/huzuryildizidanismanlik.com\/","name":"Huzur Y\u0131ld\u0131z\u0131 Dan\u0131\u015fmanl\u0131k","description":"Profesyonel Dan\u0131\u015fmanl\u0131k Hizmeti","potentialAction":[{"@type":"SearchAction","target":{"@type":"EntryPoint","urlTemplate":"https:\/\/huzuryildizidanismanlik.com\/?s={search_term_string}"},"query-input":{"@type":"PropertyValueSpecification","valueRequired":true,"valueName":"search_term_string"}}],"inLanguage":"tr"}]}},"_links":{"self":[{"href":"https:\/\/huzuryildizidanismanlik.com\/index.php?rest_route=\/wp\/v2\/pages\/543","targetHints":{"allow":["GET"]}}],"collection":[{"href":"https:\/\/huzuryildizidanismanlik.com\/index.php?rest_route=\/wp\/v2\/pages"}],"about":[{"href":"https:\/\/huzuryildizidanismanlik.com\/index.php?rest_route=\/wp\/v2\/types\/page"}],"author":[{"embeddable":true,"href":"https:\/\/huzuryildizidanismanlik.com\/index.php?rest_route=\/wp\/v2\/users\/1"}],"replies":[{"embeddable":true,"href":"https:\/\/huzuryildizidanismanlik.com\/index.php?rest_route=%2Fwp%2Fv2%2Fcomments&post=543"}],"version-history":[{"count":20,"href":"https:\/\/huzuryildizidanismanlik.com\/index.php?rest_route=\/wp\/v2\/pages\/543\/revisions"}],"predecessor-version":[{"id":734,"href":"https:\/\/huzuryildizidanismanlik.com\/index.php?rest_route=\/wp\/v2\/pages\/543\/revisions\/734"}],"wp:attachment":[{"href":"https:\/\/huzuryildizidanismanlik.com\/index.php?rest_route=%2Fwp%2Fv2%2Fmedia&parent=543"}],"curies":[{"name":"wp","href":"https:\/\/api.w.org\/{rel}","templated":true}]}}