{"id":541,"date":"2018-11-27T09:17:08","date_gmt":"2018-11-27T09:17:08","guid":{"rendered":"https:\/\/huzuryildizidanismanlik.com\/?page_id=541"},"modified":"2022-08-11T09:50:41","modified_gmt":"2022-08-11T09:50:41","slug":"about","status":"publish","type":"page","link":"https:\/\/huzuryildizidanismanlik.com\/?page_id=541","title":{"rendered":"Hakk\u0131m\u0131zda"},"content":{"rendered":"\t\t<div data-elementor-type=\"wp-post\" data-elementor-id=\"541\" class=\"elementor elementor-541\">\n\t\t\t\t\t\t<section class=\"elementor-section elementor-top-section elementor-element elementor-element-d7d8b56 elementor-section-boxed elementor-section-height-default elementor-section-height-default\" data-id=\"d7d8b56\" data-element_type=\"section\" data-settings=\"{&quot;background_background&quot;:&quot;classic&quot;}\">\n\t\t\t\t\t\t\t<div class=\"elementor-background-overlay\"><\/div>\n\t\t\t\t\t\t\t<div class=\"elementor-container elementor-column-gap-default\">\n\t\t\t\t\t<div class=\"elementor-column elementor-col-100 elementor-top-column elementor-element elementor-element-fd69444\" data-id=\"fd69444\" data-element_type=\"column\">\n\t\t\t<div class=\"elementor-widget-wrap elementor-element-populated\">\n\t\t\t\t\t\t<div class=\"elementor-element elementor-element-abcc2f2 elementor-widget elementor-widget-heading\" data-id=\"abcc2f2\" data-element_type=\"widget\" data-widget_type=\"heading.default\">\n\t\t\t\t<div class=\"elementor-widget-container\">\n\t\t\t\t\t<h1 class=\"elementor-heading-title elementor-size-default\">Hakk\u0131m\u0131zda<\/h1>\t\t\t\t<\/div>\n\t\t\t\t<\/div>\n\t\t\t\t\t<\/div>\n\t\t<\/div>\n\t\t\t\t\t<\/div>\n\t\t<\/section>\n\t\t\t\t<section class=\"elementor-section elementor-top-section elementor-element elementor-element-5c40d7b elementor-section-boxed elementor-section-height-default elementor-section-height-default\" data-id=\"5c40d7b\" data-element_type=\"section\">\n\t\t\t\t\t\t<div class=\"elementor-container elementor-column-gap-default\">\n\t\t\t\t\t<div class=\"elementor-column elementor-col-50 elementor-top-column elementor-element elementor-element-2ebbf9c\" data-id=\"2ebbf9c\" data-element_type=\"column\">\n\t\t\t<div class=\"elementor-widget-wrap elementor-element-populated\">\n\t\t\t\t\t\t<div class=\"elementor-element elementor-element-fe195c7 elementor-widget elementor-widget-heading\" data-id=\"fe195c7\" data-element_type=\"widget\" data-widget_type=\"heading.default\">\n\t\t\t\t<div class=\"elementor-widget-container\">\n\t\t\t\t\t<h2 class=\"elementor-heading-title elementor-size-default\">Biz Kimiz ? <\/h2>\t\t\t\t<\/div>\n\t\t\t\t<\/div>\n\t\t\t\t<div class=\"elementor-element elementor-element-dc051dd elementor-widget-divider--view-line elementor-widget elementor-widget-divider\" data-id=\"dc051dd\" data-element_type=\"widget\" data-widget_type=\"divider.default\">\n\t\t\t\t<div class=\"elementor-widget-container\">\n\t\t\t\t\t\t\t<div class=\"elementor-divider\">\n\t\t\t<span class=\"elementor-divider-separator\">\n\t\t\t\t\t\t<\/span>\n\t\t<\/div>\n\t\t\t\t\t\t<\/div>\n\t\t\t\t<\/div>\n\t\t\t\t<div class=\"elementor-element elementor-element-e5f497e elementor-widget elementor-widget-text-editor\" data-id=\"e5f497e\" data-element_type=\"widget\" data-widget_type=\"text-editor.default\">\n\t\t\t\t<div class=\"elementor-widget-container\">\n\t\t\t\t\t\t\t\t\t<p>Huzur Y\u0131ld\u0131z\u0131 Dan\u0131\u015fmanl\u0131k T\u00fcrkiye\u2019nin \u00f6nde gelen dan\u0131\u015fmanl\u0131k firmalar\u0131 aras\u0131nda yer almakta ve hizmet sekt\u00f6r\u00fcnde b\u00f6lgesel lider olma vizyonuyla hareket etmektedir.<\/p><p><b>Huzur y\u0131ld\u0131z\u0131 dan\u0131\u015fmanl\u0131k<\/b> ula\u015ft\u0131\u011f\u0131 ba\u015far\u0131n\u0131n arkas\u0131nda\u00a0<strong>m\u00fc\u015fteri odakl\u0131<\/strong>\u00a0ve\u00a0<strong>verimlili\u011fi<\/strong>\u00a0merkez alan bir y\u00f6netim yakla\u015f\u0131m\u0131 vard\u0131r. Bu yakla\u015f\u0131m, sadece maddi kazan\u0131mlarla de\u011fil, b\u00fct\u00fcn toplumun yararland\u0131\u011f\u0131 ve yararlanaca\u011f\u0131 kurumsal yurtta\u015fl\u0131k bilinciyle i\u00e7 i\u00e7e geli\u015fmektedir.<\/p>\t\t\t\t\t\t\t\t<\/div>\n\t\t\t\t<\/div>\n\t\t\t\t\t<\/div>\n\t\t<\/div>\n\t\t\t\t<div class=\"elementor-column elementor-col-50 elementor-top-column elementor-element elementor-element-e5fdae0\" data-id=\"e5fdae0\" data-element_type=\"column\">\n\t\t\t<div class=\"elementor-widget-wrap elementor-element-populated\">\n\t\t\t\t\t\t<div class=\"elementor-element elementor-element-96b5b53 elementor-widget elementor-widget-image\" data-id=\"96b5b53\" data-element_type=\"widget\" data-widget_type=\"image.default\">\n\t\t\t\t<div class=\"elementor-widget-container\">\n\t\t\t\t\t\t\t\t\t\t\t\t\t\t\t<img fetchpriority=\"high\" decoding=\"async\" width=\"1000\" height=\"1000\" src=\"https:\/\/huzuryildizidanismanlik.com\/wp-content\/uploads\/2022\/08\/LOGO-1-120x120.webp\" class=\"attachment-full size-full wp-image-5\" alt=\"\" srcset=\"https:\/\/huzuryildizidanismanlik.com\/wp-content\/uploads\/2022\/08\/LOGO-1.webp 1x, https:\/\/huzuryildizidanismanlik.com\/wp-content\/uploads\/2020\/01\/logo@2x.png 2x\" sizes=\"(max-width: 1000px) 100vw, 1000px\" \/>\t\t\t\t\t\t\t\t\t\t\t\t\t\t\t<\/div>\n\t\t\t\t<\/div>\n\t\t\t\t\t<\/div>\n\t\t<\/div>\n\t\t\t\t\t<\/div>\n\t\t<\/section>\n\t\t\t\t<\/div>\n\t\t","protected":false},"excerpt":{"rendered":"<p>Hakk\u0131m\u0131zda Biz Kimiz ? Huzur Y\u0131ld\u0131z\u0131 Dan\u0131\u015fmanl\u0131k T\u00fcrkiye\u2019nin \u00f6nde gelen dan\u0131\u015fmanl\u0131k firmalar\u0131 aras\u0131nda yer almakta ve hizmet sekt\u00f6r\u00fcnde b\u00f6lgesel lider olma vizyonuyla hareket etmektedir. Huzur y\u0131ld\u0131z\u0131 dan\u0131\u015fmanl\u0131k ula\u015ft\u0131\u011f\u0131 ba\u015far\u0131n\u0131n arkas\u0131nda\u00a0m\u00fc\u015fteri odakl\u0131\u00a0ve\u00a0verimlili\u011fi\u00a0merkez alan bir y\u00f6netim yakla\u015f\u0131m\u0131 vard\u0131r. Bu yakla\u015f\u0131m, sadece maddi kazan\u0131mlarla de\u011fil, b\u00fct\u00fcn toplumun yararland\u0131\u011f\u0131 ve yararlanaca\u011f\u0131 kurumsal yurtta\u015fl\u0131k bilinciyle i\u00e7 i\u00e7e geli\u015fmektedir.<\/p>\n","protected":false},"author":1,"featured_media":0,"parent":0,"menu_order":0,"comment_status":"closed","ping_status":"closed","template":"","meta":{"site-sidebar-layout":"no-sidebar","site-content-layout":"page-builder","ast-site-content-layout":"","site-content-style":"default","site-sidebar-style":"default","ast-global-header-display":"","ast-banner-title-visibility":"","ast-main-header-display":"","ast-hfb-above-header-display":"","ast-hfb-below-header-display":"","ast-hfb-mobile-header-display":"","site-post-title":"disabled","ast-breadcrumbs-content":"","ast-featured-img":"disabled","footer-sml-layout":"","theme-transparent-header-meta":"enabled","adv-header-id-meta":"","stick-header-meta":"","header-above-stick-meta":"","header-main-stick-meta":"","header-below-stick-meta":"","astra-migrate-meta-layouts":"default","ast-page-background-enabled":"default","ast-page-background-meta":{"desktop":{"background-color":"","background-image":"","background-repeat":"repeat","background-position":"center center","background-size":"auto","background-attachment":"scroll","background-type":"","background-media":"","overlay-type":"","overlay-color":"","overlay-opacity":"","overlay-gradient":""},"tablet":{"background-color":"","background-image":"","background-repeat":"repeat","background-position":"center center","background-size":"auto","background-attachment":"scroll","background-type":"","background-media":"","overlay-type":"","overlay-color":"","overlay-opacity":"","overlay-gradient":""},"mobile":{"background-color":"","background-image":"","background-repeat":"repeat","background-position":"center center","background-size":"auto","background-attachment":"scroll","background-type":"","background-media":"","overlay-type":"","overlay-color":"","overlay-opacity":"","overlay-gradient":""}},"ast-content-background-meta":{"desktop":{"background-color":"var(--ast-global-color-5)","background-image":"","background-repeat":"repeat","background-position":"center center","background-size":"auto","background-attachment":"scroll","background-type":"","background-media":"","overlay-type":"","overlay-color":"","overlay-opacity":"","overlay-gradient":""},"tablet":{"background-color":"var(--ast-global-color-5)","background-image":"","background-repeat":"repeat","background-position":"center center","background-size":"auto","background-attachment":"scroll","background-type":"","background-media":"","overlay-type":"","overlay-color":"","overlay-opacity":"","overlay-gradient":""},"mobile":{"background-color":"var(--ast-global-color-5)","background-image":"","background-repeat":"repeat","background-position":"center center","background-size":"auto","background-attachment":"scroll","background-type":"","background-media":"","overlay-type":"","overlay-color":"","overlay-opacity":"","overlay-gradient":""}},"_joinchat":[],"footnotes":""},"class_list":["post-541","page","type-page","status-publish","hentry"],"yoast_head":"<!-- This site is optimized with the Yoast SEO plugin v24.6 - https:\/\/yoast.com\/wordpress\/plugins\/seo\/ -->\n<title>Hakk\u0131m\u0131zda - Huzur Y\u0131ld\u0131z\u0131 Dan\u0131\u015fmanl\u0131k<\/title>\n<meta name=\"robots\" content=\"index, follow, max-snippet:-1, max-image-preview:large, max-video-preview:-1\" \/>\n<link rel=\"canonical\" href=\"https:\/\/huzuryildizidanismanlik.com\/?page_id=541\" \/>\n<meta property=\"og:locale\" content=\"tr_TR\" \/>\n<meta property=\"og:type\" content=\"article\" \/>\n<meta property=\"og:title\" content=\"Hakk\u0131m\u0131zda - Huzur Y\u0131ld\u0131z\u0131 Dan\u0131\u015fmanl\u0131k\" \/>\n<meta property=\"og:description\" content=\"Hakk\u0131m\u0131zda Biz Kimiz ? Huzur Y\u0131ld\u0131z\u0131 Dan\u0131\u015fmanl\u0131k T\u00fcrkiye\u2019nin \u00f6nde gelen dan\u0131\u015fmanl\u0131k firmalar\u0131 aras\u0131nda yer almakta ve hizmet sekt\u00f6r\u00fcnde b\u00f6lgesel lider olma vizyonuyla hareket etmektedir. Huzur y\u0131ld\u0131z\u0131 dan\u0131\u015fmanl\u0131k ula\u015ft\u0131\u011f\u0131 ba\u015far\u0131n\u0131n arkas\u0131nda\u00a0m\u00fc\u015fteri odakl\u0131\u00a0ve\u00a0verimlili\u011fi\u00a0merkez alan bir y\u00f6netim yakla\u015f\u0131m\u0131 vard\u0131r. Bu yakla\u015f\u0131m, sadece maddi kazan\u0131mlarla de\u011fil, b\u00fct\u00fcn toplumun yararland\u0131\u011f\u0131 ve yararlanaca\u011f\u0131 kurumsal yurtta\u015fl\u0131k bilinciyle i\u00e7 i\u00e7e geli\u015fmektedir.\" \/>\n<meta property=\"og:url\" content=\"https:\/\/huzuryildizidanismanlik.com\/?page_id=541\" \/>\n<meta property=\"og:site_name\" content=\"Huzur Y\u0131ld\u0131z\u0131 Dan\u0131\u015fmanl\u0131k\" \/>\n<meta property=\"article:modified_time\" content=\"2022-08-11T09:50:41+00:00\" \/>\n<meta property=\"og:image\" content=\"https:\/\/huzuryildizidanismanlik.com\/wp-content\/uploads\/2022\/08\/LOGO-1.webp\" \/>\n<meta name=\"twitter:card\" content=\"summary_large_image\" \/>\n<meta name=\"twitter:label1\" content=\"Tahmini okuma s\u00fcresi\" \/>\n\t<meta name=\"twitter:data1\" content=\"1 dakika\" \/>\n<script type=\"application\/ld+json\" class=\"yoast-schema-graph\">{\"@context\":\"https:\/\/schema.org\",\"@graph\":[{\"@type\":\"WebPage\",\"@id\":\"https:\/\/huzuryildizidanismanlik.com\/?page_id=541\",\"url\":\"https:\/\/huzuryildizidanismanlik.com\/?page_id=541\",\"name\":\"Hakk\u0131m\u0131zda - Huzur Y\u0131ld\u0131z\u0131 Dan\u0131\u015fmanl\u0131k\",\"isPartOf\":{\"@id\":\"https:\/\/huzuryildizidanismanlik.com\/#website\"},\"primaryImageOfPage\":{\"@id\":\"https:\/\/huzuryildizidanismanlik.com\/?page_id=541#primaryimage\"},\"image\":{\"@id\":\"https:\/\/huzuryildizidanismanlik.com\/?page_id=541#primaryimage\"},\"thumbnailUrl\":\"https:\/\/huzuryildizidanismanlik.com\/wp-content\/uploads\/2022\/08\/LOGO-1.webp\",\"datePublished\":\"2018-11-27T09:17:08+00:00\",\"dateModified\":\"2022-08-11T09:50:41+00:00\",\"breadcrumb\":{\"@id\":\"https:\/\/huzuryildizidanismanlik.com\/?page_id=541#breadcrumb\"},\"inLanguage\":\"tr\",\"potentialAction\":[{\"@type\":\"ReadAction\",\"target\":[\"https:\/\/huzuryildizidanismanlik.com\/?page_id=541\"]}]},{\"@type\":\"ImageObject\",\"inLanguage\":\"tr\",\"@id\":\"https:\/\/huzuryildizidanismanlik.com\/?page_id=541#primaryimage\",\"url\":\"https:\/\/huzuryildizidanismanlik.com\/wp-content\/uploads\/2022\/08\/LOGO-1.webp\",\"contentUrl\":\"https:\/\/huzuryildizidanismanlik.com\/wp-content\/uploads\/2022\/08\/LOGO-1.webp\",\"width\":1000,\"height\":1000},{\"@type\":\"BreadcrumbList\",\"@id\":\"https:\/\/huzuryildizidanismanlik.com\/?page_id=541#breadcrumb\",\"itemListElement\":[{\"@type\":\"ListItem\",\"position\":1,\"name\":\"Anasayfa\",\"item\":\"https:\/\/huzuryildizidanismanlik.com\/\"},{\"@type\":\"ListItem\",\"position\":2,\"name\":\"Hakk\u0131m\u0131zda\"}]},{\"@type\":\"WebSite\",\"@id\":\"https:\/\/huzuryildizidanismanlik.com\/#website\",\"url\":\"https:\/\/huzuryildizidanismanlik.com\/\",\"name\":\"Huzur Y\u0131ld\u0131z\u0131 Dan\u0131\u015fmanl\u0131k\",\"description\":\"Profesyonel Dan\u0131\u015fmanl\u0131k Hizmeti\",\"potentialAction\":[{\"@type\":\"SearchAction\",\"target\":{\"@type\":\"EntryPoint\",\"urlTemplate\":\"https:\/\/huzuryildizidanismanlik.com\/?s={search_term_string}\"},\"query-input\":{\"@type\":\"PropertyValueSpecification\",\"valueRequired\":true,\"valueName\":\"search_term_string\"}}],\"inLanguage\":\"tr\"}]}<\/script>\n<!-- \/ Yoast SEO plugin. -->","yoast_head_json":{"title":"Hakk\u0131m\u0131zda - Huzur Y\u0131ld\u0131z\u0131 Dan\u0131\u015fmanl\u0131k","robots":{"index":"index","follow":"follow","max-snippet":"max-snippet:-1","max-image-preview":"max-image-preview:large","max-video-preview":"max-video-preview:-1"},"canonical":"https:\/\/huzuryildizidanismanlik.com\/?page_id=541","og_locale":"tr_TR","og_type":"article","og_title":"Hakk\u0131m\u0131zda - Huzur Y\u0131ld\u0131z\u0131 Dan\u0131\u015fmanl\u0131k","og_description":"Hakk\u0131m\u0131zda Biz Kimiz ? Huzur Y\u0131ld\u0131z\u0131 Dan\u0131\u015fmanl\u0131k T\u00fcrkiye\u2019nin \u00f6nde gelen dan\u0131\u015fmanl\u0131k firmalar\u0131 aras\u0131nda yer almakta ve hizmet sekt\u00f6r\u00fcnde b\u00f6lgesel lider olma vizyonuyla hareket etmektedir. Huzur y\u0131ld\u0131z\u0131 dan\u0131\u015fmanl\u0131k ula\u015ft\u0131\u011f\u0131 ba\u015far\u0131n\u0131n arkas\u0131nda\u00a0m\u00fc\u015fteri odakl\u0131\u00a0ve\u00a0verimlili\u011fi\u00a0merkez alan bir y\u00f6netim yakla\u015f\u0131m\u0131 vard\u0131r. Bu yakla\u015f\u0131m, sadece maddi kazan\u0131mlarla de\u011fil, b\u00fct\u00fcn toplumun yararland\u0131\u011f\u0131 ve yararlanaca\u011f\u0131 kurumsal yurtta\u015fl\u0131k bilinciyle i\u00e7 i\u00e7e geli\u015fmektedir.","og_url":"https:\/\/huzuryildizidanismanlik.com\/?page_id=541","og_site_name":"Huzur Y\u0131ld\u0131z\u0131 Dan\u0131\u015fmanl\u0131k","article_modified_time":"2022-08-11T09:50:41+00:00","og_image":[{"url":"https:\/\/huzuryildizidanismanlik.com\/wp-content\/uploads\/2022\/08\/LOGO-1.webp","type":"","width":"","height":""}],"twitter_card":"summary_large_image","twitter_misc":{"Tahmini okuma s\u00fcresi":"1 dakika"},"schema":{"@context":"https:\/\/schema.org","@graph":[{"@type":"WebPage","@id":"https:\/\/huzuryildizidanismanlik.com\/?page_id=541","url":"https:\/\/huzuryildizidanismanlik.com\/?page_id=541","name":"Hakk\u0131m\u0131zda - Huzur Y\u0131ld\u0131z\u0131 Dan\u0131\u015fmanl\u0131k","isPartOf":{"@id":"https:\/\/huzuryildizidanismanlik.com\/#website"},"primaryImageOfPage":{"@id":"https:\/\/huzuryildizidanismanlik.com\/?page_id=541#primaryimage"},"image":{"@id":"https:\/\/huzuryildizidanismanlik.com\/?page_id=541#primaryimage"},"thumbnailUrl":"https:\/\/huzuryildizidanismanlik.com\/wp-content\/uploads\/2022\/08\/LOGO-1.webp","datePublished":"2018-11-27T09:17:08+00:00","dateModified":"2022-08-11T09:50:41+00:00","breadcrumb":{"@id":"https:\/\/huzuryildizidanismanlik.com\/?page_id=541#breadcrumb"},"inLanguage":"tr","potentialAction":[{"@type":"ReadAction","target":["https:\/\/huzuryildizidanismanlik.com\/?page_id=541"]}]},{"@type":"ImageObject","inLanguage":"tr","@id":"https:\/\/huzuryildizidanismanlik.com\/?page_id=541#primaryimage","url":"https:\/\/huzuryildizidanismanlik.com\/wp-content\/uploads\/2022\/08\/LOGO-1.webp","contentUrl":"https:\/\/huzuryildizidanismanlik.com\/wp-content\/uploads\/2022\/08\/LOGO-1.webp","width":1000,"height":1000},{"@type":"BreadcrumbList","@id":"https:\/\/huzuryildizidanismanlik.com\/?page_id=541#breadcrumb","itemListElement":[{"@type":"ListItem","position":1,"name":"Anasayfa","item":"https:\/\/huzuryildizidanismanlik.com\/"},{"@type":"ListItem","position":2,"name":"Hakk\u0131m\u0131zda"}]},{"@type":"WebSite","@id":"https:\/\/huzuryildizidanismanlik.com\/#website","url":"https:\/\/huzuryildizidanismanlik.com\/","name":"Huzur Y\u0131ld\u0131z\u0131 Dan\u0131\u015fmanl\u0131k","description":"Profesyonel Dan\u0131\u015fmanl\u0131k Hizmeti","potentialAction":[{"@type":"SearchAction","target":{"@type":"EntryPoint","urlTemplate":"https:\/\/huzuryildizidanismanlik.com\/?s={search_term_string}"},"query-input":{"@type":"PropertyValueSpecification","valueRequired":true,"valueName":"search_term_string"}}],"inLanguage":"tr"}]}},"_links":{"self":[{"href":"https:\/\/huzuryildizidanismanlik.com\/index.php?rest_route=\/wp\/v2\/pages\/541","targetHints":{"allow":["GET"]}}],"collection":[{"href":"https:\/\/huzuryildizidanismanlik.com\/index.php?rest_route=\/wp\/v2\/pages"}],"about":[{"href":"https:\/\/huzuryildizidanismanlik.com\/index.php?rest_route=\/wp\/v2\/types\/page"}],"author":[{"embeddable":true,"href":"https:\/\/huzuryildizidanismanlik.com\/index.php?rest_route=\/wp\/v2\/users\/1"}],"replies":[{"embeddable":true,"href":"https:\/\/huzuryildizidanismanlik.com\/index.php?rest_route=%2Fwp%2Fv2%2Fcomments&post=541"}],"version-history":[{"count":8,"href":"https:\/\/huzuryildizidanismanlik.com\/index.php?rest_route=\/wp\/v2\/pages\/541\/revisions"}],"predecessor-version":[{"id":647,"href":"https:\/\/huzuryildizidanismanlik.com\/index.php?rest_route=\/wp\/v2\/pages\/541\/revisions\/647"}],"wp:attachment":[{"href":"https:\/\/huzuryildizidanismanlik.com\/index.php?rest_route=%2Fwp%2Fv2%2Fmedia&parent=541"}],"curies":[{"name":"wp","href":"https:\/\/api.w.org\/{rel}","templated":true}]}}